{"id":220,"date":"2016-05-20T09:40:25","date_gmt":"2016-05-20T07:40:25","guid":{"rendered":"http:\/\/noah.eve-com.de\/?page_id=220"},"modified":"2025-10-14T10:18:55","modified_gmt":"2025-10-14T08:18:55","slug":"peripheral-nerve-surgery","status":"publish","type":"page","link":"https:\/\/noahklinik.de\/en\/rekonstruktive-chirurgie\/periphere-nervenchirurgie\/","title":{"rendered":"Peripheral nerve surgery"},"content":{"rendered":"<div data-elementor-type=\"wp-page\" data-elementor-id=\"220\" class=\"elementor elementor-220\" data-elementor-post-type=\"page\">\n\t\t\t\t\t\t<section class=\"elementor-section elementor-top-section elementor-element elementor-element-94ac0ba elementor-section-boxed elementor-section-height-default elementor-section-height-default\" data-id=\"94ac0ba\" data-element_type=\"section\" data-e-type=\"section\">\n\t\t\t\t\t\t<div class=\"elementor-container elementor-column-gap-default\">\n\t\t\t\t\t<div class=\"elementor-column elementor-col-100 elementor-top-column elementor-element elementor-element-ad258c9\" data-id=\"ad258c9\" data-element_type=\"column\" data-e-type=\"column\">\n\t\t\t<div class=\"elementor-widget-wrap elementor-element-populated\">\n\t\t\t\t\t\t<div class=\"elementor-element elementor-element-b36984f elementor-widget elementor-widget-heading\" data-id=\"b36984f\" data-element_type=\"widget\" data-e-type=\"widget\" data-widget_type=\"heading.default\">\n\t\t\t\t\t<h1 class=\"elementor-heading-title elementor-size-default\">Peripheral nerve surgery<\/h1>\t\t\t\t<\/div>\n\t\t\t\t<div class=\"elementor-element elementor-element-45db9e2 elementor-widget elementor-widget-text-editor\" data-id=\"45db9e2\" data-element_type=\"widget\" data-e-type=\"widget\" data-widget_type=\"text-editor.default\">\n\t\t\t\t\t\t\t\t\t<p>The functional unit nerve\/muscle can be disturbed by accidents but also after tumour operations. In addition to the loss of movement (motor), sensory disturbances or nerve pain can also be at the centre of the complaints. There are surgical options for all these problems.<\/p>\t\t\t\t\t\t\t\t<\/div>\n\t\t\t\t\t<\/div>\n\t\t<\/div>\n\t\t\t\t\t<\/div>\n\t\t<\/section>\n\t\t\t\t<section class=\"elementor-section elementor-top-section elementor-element elementor-element-ba86c6e elementor-section-boxed elementor-section-height-default elementor-section-height-default\" data-id=\"ba86c6e\" data-element_type=\"section\" data-e-type=\"section\">\n\t\t\t\t\t\t<div class=\"elementor-container elementor-column-gap-default\">\n\t\t\t\t\t<div class=\"elementor-column elementor-col-100 elementor-top-column elementor-element elementor-element-a6a5df6\" data-id=\"a6a5df6\" data-element_type=\"column\" data-e-type=\"column\">\n\t\t\t<div class=\"elementor-widget-wrap elementor-element-populated\">\n\t\t\t\t\t\t<div class=\"elementor-element elementor-element-2b1f126 elementor-widget elementor-widget-heading\" data-id=\"2b1f126\" data-element_type=\"widget\" data-e-type=\"widget\" data-widget_type=\"heading.default\">\n\t\t\t\t\t<h2 class=\"elementor-heading-title elementor-size-default\">Facial nerve surgery<\/h2>\t\t\t\t<\/div>\n\t\t\t\t<div class=\"elementor-element elementor-element-893c95f elementor-widget elementor-widget-text-editor\" data-id=\"893c95f\" data-element_type=\"widget\" data-e-type=\"widget\" data-widget_type=\"text-editor.default\">\n\t\t\t\t\t\t\t\t\t<p>One speciality is the restoration of movement in the facial area. According to\u00a0<a href=\"https:\/\/noahklinik.de\/en\/reconstructive-surgery\/tumour-surgery\/\">Tumour removals<\/a>\u00a0but paralysis of one side of the face can also occur after a stroke. There are also congenital facial paralyses.<\/p><p>The reconstruction options include the transplantation of local muscles but also nerve transplantation in combination with so-called free muscle grafts. Depending on the denervation time (time of non-existing functionality), nerves can also be directly reconstructed. As an arbitrary, i.e. controlled reconstruction, the transposition of the temporal muscle is suitable. This can restore the mobility of the cheek. The patient learns to move his face with only indicated jaw movements. In the same operation, the eye closure, which is often complete as a result of the paralysis, is also restored. In younger patients and congenital lesions, nerve grafts are placed from the functioning facial nerve to the damaged side. After a waiting period of about 6-9 months, a leg muscle is then surgically transplanted into the face. In this way, even involuntary, i.e. spontaneous, movements can be achieved as a reconstructive result.<\/p>\t\t\t\t\t\t\t\t<\/div>\n\t\t\t\t\t<\/div>\n\t\t<\/div>\n\t\t\t\t\t<\/div>\n\t\t<\/section>\n\t\t\t\t<section class=\"elementor-section elementor-top-section elementor-element elementor-element-1c04269 elementor-section-boxed elementor-section-height-default elementor-section-height-default\" data-id=\"1c04269\" data-element_type=\"section\" data-e-type=\"section\">\n\t\t\t\t\t\t<div class=\"elementor-container elementor-column-gap-default\">\n\t\t\t\t\t<div class=\"elementor-column elementor-col-100 elementor-top-column elementor-element elementor-element-450e337\" data-id=\"450e337\" data-element_type=\"column\" data-e-type=\"column\">\n\t\t\t<div class=\"elementor-widget-wrap elementor-element-populated\">\n\t\t\t\t\t\t<div class=\"elementor-element elementor-element-cc750d2 elementor-widget elementor-widget-heading\" data-id=\"cc750d2\" data-element_type=\"widget\" data-e-type=\"widget\" data-widget_type=\"heading.default\">\n\t\t\t\t\t<h2 class=\"elementor-heading-title elementor-size-default\">Nerve surgery in the area of the arms &amp; legs<\/h2>\t\t\t\t<\/div>\n\t\t\t\t<div class=\"elementor-element elementor-element-3ab3616 elementor-widget elementor-widget-text-editor\" data-id=\"3ab3616\" data-element_type=\"widget\" data-e-type=\"widget\" data-widget_type=\"text-editor.default\">\n\t\t\t\t\t\t\t\t\t<p>Nerve injuries in the area of the arm (brachial plexus) but also in the area of the lower leg (peroneal nerve) can be reconstructed in a similar way. Only after extensive testing of the remaining muscle activity can an individual reconstruction plan be drawn up and discussed with you.<\/p>\t\t\t\t\t\t\t\t<\/div>\n\t\t\t\t\t<\/div>\n\t\t<\/div>\n\t\t\t\t\t<\/div>\n\t\t<\/section>\n\t\t\t\t<section class=\"elementor-section elementor-top-section elementor-element elementor-element-a35cf17 elementor-section-boxed elementor-section-height-default elementor-section-height-default\" data-id=\"a35cf17\" data-element_type=\"section\" data-e-type=\"section\">\n\t\t\t\t\t\t<div class=\"elementor-container elementor-column-gap-default\">\n\t\t\t\t\t<div class=\"elementor-column elementor-col-100 elementor-top-column elementor-element elementor-element-782ab3d\" data-id=\"782ab3d\" data-element_type=\"column\" data-e-type=\"column\">\n\t\t\t<div class=\"elementor-widget-wrap elementor-element-populated\">\n\t\t\t\t\t\t<div class=\"elementor-element elementor-element-f618145 elementor-widget elementor-widget-heading\" data-id=\"f618145\" data-element_type=\"widget\" data-e-type=\"widget\" data-widget_type=\"heading.default\">\n\t\t\t\t\t<h2 class=\"elementor-heading-title elementor-size-default\">Nerve pain<\/h2>\t\t\t\t<\/div>\n\t\t\t\t<div class=\"elementor-element elementor-element-6082f5d elementor-widget elementor-widget-text-editor\" data-id=\"6082f5d\" data-element_type=\"widget\" data-e-type=\"widget\" data-widget_type=\"text-editor.default\">\n\t\t\t\t\t\t\t\t\t<p>Nerve injuries are often followed by nerve pain. If this pain originates from blind nerve endings (neuromas), surgical therapy can interrupt the pain cycle. Here, the nerve end can be relocated, sutured again or moved to deeper tissue layers.<\/p>\t\t\t\t\t\t\t\t<\/div>\n\t\t\t\t\t<\/div>\n\t\t<\/div>\n\t\t\t\t\t<\/div>\n\t\t<\/section>\n\t\t\t\t<section class=\"elementor-section elementor-top-section elementor-element elementor-element-635f89e elementor-section-boxed elementor-section-height-default elementor-section-height-default\" data-id=\"635f89e\" data-element_type=\"section\" data-e-type=\"section\">\n\t\t\t\t\t\t<div class=\"elementor-container elementor-column-gap-default\">\n\t\t\t\t\t<div class=\"elementor-column elementor-col-100 elementor-top-column elementor-element elementor-element-5b0412f\" data-id=\"5b0412f\" data-element_type=\"column\" data-e-type=\"column\">\n\t\t\t<div class=\"elementor-widget-wrap elementor-element-populated\">\n\t\t\t\t\t\t<div class=\"elementor-element elementor-element-de8a0dc elementor-widget elementor-widget-heading\" data-id=\"de8a0dc\" data-element_type=\"widget\" data-e-type=\"widget\" data-widget_type=\"heading.default\">\n\t\t\t\t\t<h2 class=\"elementor-heading-title elementor-size-default\">Further treatments &amp; operations<\/h2>\t\t\t\t<\/div>\n\t\t\t\t<section class=\"elementor-section elementor-inner-section elementor-element elementor-element-5459564 elementor-section-boxed elementor-section-height-default elementor-section-height-default\" data-id=\"5459564\" data-element_type=\"section\" data-e-type=\"section\">\n\t\t\t\t\t\t<div class=\"elementor-container elementor-column-gap-default\">\n\t\t\t\t\t<div class=\"elementor-column elementor-col-33 elementor-inner-column elementor-element elementor-element-4afe338\" data-id=\"4afe338\" data-element_type=\"column\" data-e-type=\"column\">\n\t\t\t<div class=\"elementor-widget-wrap elementor-element-populated\">\n\t\t\t\t\t\t<div class=\"elementor-element elementor-element-742bccd elementor-align-center elementor-widget elementor-widget-button\" data-id=\"742bccd\" data-element_type=\"widget\" data-e-type=\"widget\" data-widget_type=\"button.default\">\n\t\t\t\t\t\t\t\t\t\t<a class=\"elementor-button elementor-button-link elementor-size-sm\" href=\"https:\/\/noahklinik.de\/en\/aesthetic-surgery\/\">\n\t\t\t\t\t\t<span class=\"elementor-button-content-wrapper\">\n\t\t\t\t\t\t\t\t\t<span class=\"elementor-button-text\">Aesthetic surgery<\/span>\n\t\t\t\t\t<\/span>\n\t\t\t\t\t<\/a>\n\t\t\t\t\t\t\t\t<\/div>\n\t\t\t\t\t<\/div>\n\t\t<\/div>\n\t\t\t\t<div class=\"elementor-column elementor-col-33 elementor-inner-column elementor-element elementor-element-26a0da3\" data-id=\"26a0da3\" data-element_type=\"column\" data-e-type=\"column\">\n\t\t\t<div class=\"elementor-widget-wrap elementor-element-populated\">\n\t\t\t\t\t\t<div class=\"elementor-element elementor-element-390752d elementor-align-center elementor-widget elementor-widget-button\" data-id=\"390752d\" data-element_type=\"widget\" data-e-type=\"widget\" data-widget_type=\"button.default\">\n\t\t\t\t\t\t\t\t\t\t<a class=\"elementor-button elementor-button-link elementor-size-sm\" href=\"https:\/\/noahklinik.de\/en\/reconstructive-surgery\/\">\n\t\t\t\t\t\t<span class=\"elementor-button-content-wrapper\">\n\t\t\t\t\t\t\t\t\t<span class=\"elementor-button-text\">Reconstructive surgery<\/span>\n\t\t\t\t\t<\/span>\n\t\t\t\t\t<\/a>\n\t\t\t\t\t\t\t\t<\/div>\n\t\t\t\t\t<\/div>\n\t\t<\/div>\n\t\t\t\t<div class=\"elementor-column elementor-col-33 elementor-inner-column elementor-element elementor-element-57b5749\" data-id=\"57b5749\" data-element_type=\"column\" data-e-type=\"column\">\n\t\t\t<div class=\"elementor-widget-wrap elementor-element-populated\">\n\t\t\t\t\t\t<div class=\"elementor-element elementor-element-b30423b elementor-align-center elementor-widget elementor-widget-button\" data-id=\"b30423b\" data-element_type=\"widget\" data-e-type=\"widget\" data-widget_type=\"button.default\">\n\t\t\t\t\t\t\t\t\t\t<a class=\"elementor-button elementor-button-link elementor-size-sm\" href=\"https:\/\/noahklinik.de\/en\/hand-surgery\/\">\n\t\t\t\t\t\t<span class=\"elementor-button-content-wrapper\">\n\t\t\t\t\t\t\t\t\t<span class=\"elementor-button-text\">Hand surgery<\/span>\n\t\t\t\t\t<\/span>\n\t\t\t\t\t<\/a>\n\t\t\t\t\t\t\t\t<\/div>\n\t\t\t\t\t<\/div>\n\t\t<\/div>\n\t\t\t\t\t<\/div>\n\t\t<\/section>\n\t\t\t\t\t<\/div>\n\t\t<\/div>\n\t\t\t\t\t<\/div>\n\t\t<\/section>\n\t\t\t\t<\/div>","protected":false},"excerpt":{"rendered":"<p>Periphere Nervenchirurgie Die Funktionseinheit Nerv\/Muskel kann durch Unf\u00e4lle aber auch nach Tumoroperationen gest\u00f6rt worden sein. Neben den Bewegungsausf\u00e4llen (motorisch) k\u00f6nnen auch Sensibilit\u00e4tsst\u00f6rungen oder aber Nervenschmerzen im Zentrum der Beschwerden stehen. F\u00fcr all diese Probleme gibt es Operationsm\u00f6glichkeiten. Nervenchirurgie im Gesicht Ein Spezialgebiet ist die Wiederherstellung von Bewegung im Bereich des Gesichtes. Nach\u00a0Tumorentfernungen\u00a0aber auch nach einem [&hellip;]<\/p>\n","protected":false},"author":5,"featured_media":0,"parent":201,"menu_order":0,"comment_status":"closed","ping_status":"closed","template":"","meta":{"footnotes":""},"class_list":["post-220","page","type-page","status-publish","hentry"],"_links":{"self":[{"href":"https:\/\/noahklinik.de\/en\/wp-json\/wp\/v2\/pages\/220","targetHints":{"allow":["GET"]}}],"collection":[{"href":"https:\/\/noahklinik.de\/en\/wp-json\/wp\/v2\/pages"}],"about":[{"href":"https:\/\/noahklinik.de\/en\/wp-json\/wp\/v2\/types\/page"}],"author":[{"embeddable":true,"href":"https:\/\/noahklinik.de\/en\/wp-json\/wp\/v2\/users\/5"}],"replies":[{"embeddable":true,"href":"https:\/\/noahklinik.de\/en\/wp-json\/wp\/v2\/comments?post=220"}],"version-history":[{"count":0,"href":"https:\/\/noahklinik.de\/en\/wp-json\/wp\/v2\/pages\/220\/revisions"}],"up":[{"embeddable":true,"href":"https:\/\/noahklinik.de\/en\/wp-json\/wp\/v2\/pages\/201"}],"wp:attachment":[{"href":"https:\/\/noahklinik.de\/en\/wp-json\/wp\/v2\/media?parent=220"}],"curies":[{"name":"wp","href":"https:\/\/api.w.org\/{rel}","templated":true}]}}