{"id":203,"date":"2016-05-20T09:28:04","date_gmt":"2016-05-20T07:28:04","guid":{"rendered":"http:\/\/noah.eve-com.de\/?page_id=203"},"modified":"2025-10-14T09:18:10","modified_gmt":"2025-10-14T07:18:10","slug":"burn-surgery","status":"publish","type":"page","link":"https:\/\/noahklinik.de\/en\/verbrennungschirurgie\/","title":{"rendered":"Burn surgery"},"content":{"rendered":"<div data-elementor-type=\"wp-page\" data-elementor-id=\"203\" class=\"elementor elementor-203\" data-elementor-post-type=\"page\">\n\t\t\t\t\t\t<section class=\"elementor-section elementor-top-section elementor-element elementor-element-051b367 elementor-section-boxed elementor-section-height-default elementor-section-height-default\" data-id=\"051b367\" data-element_type=\"section\" data-e-type=\"section\">\n\t\t\t\t\t\t<div class=\"elementor-container elementor-column-gap-default\">\n\t\t\t\t\t<div class=\"elementor-column elementor-col-100 elementor-top-column elementor-element elementor-element-e0d4c6c\" data-id=\"e0d4c6c\" data-element_type=\"column\" data-e-type=\"column\">\n\t\t\t<div class=\"elementor-widget-wrap elementor-element-populated\">\n\t\t\t\t\t\t<div class=\"elementor-element elementor-element-a56bb7b elementor-widget elementor-widget-heading\" data-id=\"a56bb7b\" data-element_type=\"widget\" data-e-type=\"widget\" data-widget_type=\"heading.default\">\n\t\t\t\t\t<h1 class=\"elementor-heading-title elementor-size-default\">Burn surgery<\/h1>\t\t\t\t<\/div>\n\t\t\t\t<section class=\"elementor-section elementor-inner-section elementor-element elementor-element-a3da1f1 elementor-section-boxed elementor-section-height-default elementor-section-height-default\" data-id=\"a3da1f1\" data-element_type=\"section\" data-e-type=\"section\">\n\t\t\t\t\t\t<div class=\"elementor-container elementor-column-gap-default\">\n\t\t\t\t\t<div class=\"elementor-column elementor-col-50 elementor-inner-column elementor-element elementor-element-751ac0d\" data-id=\"751ac0d\" data-element_type=\"column\" data-e-type=\"column\">\n\t\t\t<div class=\"elementor-widget-wrap elementor-element-populated\">\n\t\t\t\t\t\t<div class=\"elementor-element elementor-element-e1779d8 elementor-widget elementor-widget-image\" data-id=\"e1779d8\" data-element_type=\"widget\" data-e-type=\"widget\" data-widget_type=\"image.default\">\n\t\t\t\t\t\t\t\t\t\t\t\t\t\t\t<img wpfc-lazyload-disable=\"true\" fetchpriority=\"high\" decoding=\"async\" width=\"716\" height=\"393\" src=\"https:\/\/noahklinik.de\/wp-content\/uploads\/2016\/05\/Verbrennungschirurgie-1.webp\" class=\"attachment-large size-large wp-image-1216\" alt=\"Reconstruction through burn surgery - Noah Clinic\" srcset=\"https:\/\/noahklinik.de\/wp-content\/uploads\/2016\/05\/Verbrennungschirurgie-1.webp 716w, https:\/\/noahklinik.de\/wp-content\/uploads\/2016\/05\/Verbrennungschirurgie-1-300x165.webp 300w\" sizes=\"(max-width: 716px) 100vw, 716px\" \/>\t\t\t\t\t\t\t\t\t\t\t\t\t\t\t<\/div>\n\t\t\t\t\t<\/div>\n\t\t<\/div>\n\t\t\t\t<div class=\"elementor-column elementor-col-50 elementor-inner-column elementor-element elementor-element-e3349d2\" data-id=\"e3349d2\" data-element_type=\"column\" data-e-type=\"column\">\n\t\t\t<div class=\"elementor-widget-wrap elementor-element-populated\">\n\t\t\t\t\t\t<div class=\"elementor-element elementor-element-8e4bbe5 elementor-widget elementor-widget-text-editor\" data-id=\"8e4bbe5\" data-element_type=\"widget\" data-e-type=\"widget\" data-widget_type=\"text-editor.default\">\n\t\t\t\t\t\t\t\t\t<p>One of the main pillars of plastic surgery is burn surgery. Burns can be caused by hot liquids, flames, caustic and acid burns as well as frostbite.<\/p><p>Burn surgery restores the patient's skin in what is usually a long process from the immediate covering of the wound to the final microsurgical graft. It is the special art of the plastic surgeon not only to keep muscles and nerves functional, but also to leave as few visible scars as possible. One of our tasks is the reconstruction after minor and major burns. At the Noahklinik Kassel, we use the expander technique as required,\u00a0<a href=\"https:\/\/noahklinik.de\/en\/reconstructive-surgery\/tissue-defect-treatment\/\">Tissue and skin grafting<\/a>, as well as surgical scar treatment.<\/p>\t\t\t\t\t\t\t\t<\/div>\n\t\t\t\t\t<\/div>\n\t\t<\/div>\n\t\t\t\t\t<\/div>\n\t\t<\/section>\n\t\t\t\t\t<\/div>\n\t\t<\/div>\n\t\t\t\t\t<\/div>\n\t\t<\/section>\n\t\t\t\t<\/div>","protected":false},"excerpt":{"rendered":"<p>\/*! elementor &#8211; v3.6.5 &#8211; 27-04-2022 *\/ .elementor-heading-title{padding:0;margin:0;line-height:1}.elementor-widget-heading .elementor-heading-title[class*=elementor-size-]&gt;a{color:inherit;font-size:inherit;line-height:inherit}.elementor-widget-heading .elementor-heading-title.elementor-size-small{font-size:15px}.elementor-widget-heading .elementor-heading-title.elementor-size-medium{font-size:19px}.elementor-widget-heading .elementor-heading-title.elementor-size-large{font-size:29px}.elementor-widget-heading .elementor-heading-title.elementor-size-xl{font-size:39px}.elementor-widget-heading .elementor-heading-title.elementor-size-xxl{font-size:59px} Verbrennungschirurgie \/*! elementor &#8211; v3.6.5 &#8211; 27-04-2022 *\/ .elementor-widget-image{text-align:center}.elementor-widget-image a{display:inline-block}.elementor-widget-image a img[src$=&#8220;.svg&#8220;]{width:48px}.elementor-widget-image img{vertical-align:middle;display:inline-block} Eine der tragenden S\u00e4ulen der Plastischen Chirurgie ist die Verbrennungschirurgie. Verbrennungen k\u00f6nnen durch hei\u00dfe Fl\u00fcssigkeiten, Flammen, Ver\u00e4tzungen durch Laugen und S\u00e4uren sowie auch Erfrierungen entstehen. Die Verbrennungschirurgie stellt [&hellip;]<\/p>\n","protected":false},"author":5,"featured_media":1216,"parent":0,"menu_order":0,"comment_status":"closed","ping_status":"closed","template":"","meta":{"footnotes":""},"class_list":["post-203","page","type-page","status-publish","has-post-thumbnail","hentry"],"_links":{"self":[{"href":"https:\/\/noahklinik.de\/en\/wp-json\/wp\/v2\/pages\/203","targetHints":{"allow":["GET"]}}],"collection":[{"href":"https:\/\/noahklinik.de\/en\/wp-json\/wp\/v2\/pages"}],"about":[{"href":"https:\/\/noahklinik.de\/en\/wp-json\/wp\/v2\/types\/page"}],"author":[{"embeddable":true,"href":"https:\/\/noahklinik.de\/en\/wp-json\/wp\/v2\/users\/5"}],"replies":[{"embeddable":true,"href":"https:\/\/noahklinik.de\/en\/wp-json\/wp\/v2\/comments?post=203"}],"version-history":[{"count":0,"href":"https:\/\/noahklinik.de\/en\/wp-json\/wp\/v2\/pages\/203\/revisions"}],"wp:featuredmedia":[{"embeddable":true,"href":"https:\/\/noahklinik.de\/en\/wp-json\/wp\/v2\/media\/1216"}],"wp:attachment":[{"href":"https:\/\/noahklinik.de\/en\/wp-json\/wp\/v2\/media?parent=203"}],"curies":[{"name":"wp","href":"https:\/\/api.w.org\/{rel}","templated":true}]}}