{"id":189,"date":"2016-05-19T17:12:17","date_gmt":"2016-05-19T15:12:17","guid":{"rendered":"http:\/\/noah.eve-com.de\/?page_id=189"},"modified":"2026-03-20T14:31:02","modified_gmt":"2026-03-20T13:31:02","slug":"aesthetic-surgery","status":"publish","type":"page","link":"https:\/\/noahklinik.de\/en\/aesthetische-chirurgie\/","title":{"rendered":"Aesthetic surgery"},"content":{"rendered":"<div data-elementor-type=\"wp-page\" data-elementor-id=\"189\" class=\"elementor elementor-189\" data-elementor-post-type=\"page\">\n\t\t\t\t\t\t<section class=\"elementor-section elementor-top-section elementor-element elementor-element-6316d0d elementor-section-boxed elementor-section-height-default elementor-section-height-default\" data-id=\"6316d0d\" data-element_type=\"section\" data-e-type=\"section\">\n\t\t\t\t\t\t<div class=\"elementor-container elementor-column-gap-default\">\n\t\t\t\t\t<div class=\"elementor-column elementor-col-100 elementor-top-column elementor-element elementor-element-5244fd1\" data-id=\"5244fd1\" data-element_type=\"column\" data-e-type=\"column\">\n\t\t\t<div class=\"elementor-widget-wrap elementor-element-populated\">\n\t\t\t\t\t\t<div class=\"elementor-element elementor-element-2acb843 elementor-widget elementor-widget-heading\" data-id=\"2acb843\" data-element_type=\"widget\" data-e-type=\"widget\" data-widget_type=\"heading.default\">\n\t\t\t\t\t<h1 class=\"elementor-heading-title elementor-size-default\">AESTHETIC SURGERY IN KASSEL<\/h1>\t\t\t\t<\/div>\n\t\t\t\t<div class=\"elementor-element elementor-element-ed67ba2 elementor-widget elementor-widget-text-editor\" data-id=\"ed67ba2\" data-element_type=\"widget\" data-e-type=\"widget\" data-widget_type=\"text-editor.default\">\n\t\t\t\t\t\t\t\t\tAesthetic surgery covers all shape-changing procedures that are not medically necessary but are performed exclusively at the patient's request.\n\nA few love handles, an undesirable breast, bags under the eyes or wrinkles - for many people, a look in the mirror is a look at their own self-confidence. More and more people are opting for a procedure to remove these personal flaws.\n\nOften referred to colloquially as cosmetic surgery, the aim of plastic aesthetic surgery is to improve appearance.\t\t\t\t\t\t\t\t<\/div>\n\t\t\t\t\t<\/div>\n\t\t<\/div>\n\t\t\t\t\t<\/div>\n\t\t<\/section>\n\t\t\t\t<section class=\"elementor-section elementor-top-section elementor-element elementor-element-ccfd355 elementor-section-boxed elementor-section-height-default elementor-section-height-default\" data-id=\"ccfd355\" data-element_type=\"section\" data-e-type=\"section\">\n\t\t\t\t\t\t<div class=\"elementor-container elementor-column-gap-default\">\n\t\t\t\t\t<div class=\"elementor-column elementor-col-50 elementor-top-column elementor-element elementor-element-de655e5\" data-id=\"de655e5\" data-element_type=\"column\" data-e-type=\"column\">\n\t\t\t<div class=\"elementor-widget-wrap elementor-element-populated\">\n\t\t\t\t\t\t<div class=\"elementor-element elementor-element-668562e elementor-widget elementor-widget-heading\" data-id=\"668562e\" data-element_type=\"widget\" data-e-type=\"widget\" data-widget_type=\"heading.default\">\n\t\t\t\t\t<h2 class=\"elementor-heading-title elementor-size-default\">WRINKLE TREATMENTS<\/h2>\t\t\t\t<\/div>\n\t\t\t\t<div class=\"elementor-element elementor-element-0c76976 elementor-widget elementor-widget-text-editor\" data-id=\"0c76976\" data-element_type=\"widget\" data-e-type=\"widget\" data-widget_type=\"text-editor.default\">\n\t\t\t\t\t\t\t\t\t<ul><li><a href=\"https:\/\/noahklinik.de\/en\/aesthetic-surgery\/botox-botulinum-toxin\/\">Botox \/ Botulinum toxin<\/a><\/li><li><a href=\"https:\/\/noahklinik.de\/en\/aesthetic-surgery\/laser-treatment\/\">Dermabrasio<\/a><\/li><li><a href=\"https:\/\/noahklinik.de\/en\/aesthetic-surgery\/autologous-blood-therapy\/\">Autohaemotherapy<\/a><\/li><li><a href=\"https:\/\/noahklinik.de\/en\/aesthetic-surgery\/exokine\/\">Exokine - Unicorn Lift<\/a><\/li><li><a href=\"https:\/\/noahklinik.de\/en\/aesthetic-surgery\/facelift\/\">Facelift<\/a><\/li><li><a href=\"https:\/\/noahklinik.de\/en\/aesthetic-surgery\/neck-lift\/\">Neck lift<\/a><\/li><li><a href=\"https:\/\/noahklinik.de\/en\/aesthetic-surgery\/hyaluronic-acid\/\">Hyaluronic acid<\/a><\/li><li><a href=\"https:\/\/noahklinik.de\/en\/aesthetic-surgery\/lipofilling\/\">Lipofilling<\/a><\/li><li><a href=\"https:\/\/noahklinik.de\/en\/aesthetic-surgery\/morpheus\/\">Morpheus8 \/ Radio Frequency Therapy<\/a><\/li><li><a href=\"https:\/\/noahklinik.de\/en\/aesthetic-surgery\/forehead-lift\/\">Forehead lift<\/a><\/li><li><a href=\"https:\/\/noahklinik.de\/en\/aesthetic-surgery\/autologous-blood-therapy\/\">Vampire lift (PRP)<\/a><\/li><\/ul>\t\t\t\t\t\t\t\t<\/div>\n\t\t\t\t\t<\/div>\n\t\t<\/div>\n\t\t\t\t<div class=\"elementor-column elementor-col-50 elementor-top-column elementor-element elementor-element-befc0e8\" data-id=\"befc0e8\" data-element_type=\"column\" data-e-type=\"column\">\n\t\t\t<div class=\"elementor-widget-wrap elementor-element-populated\">\n\t\t\t\t\t\t<div class=\"elementor-element elementor-element-9679bc0 elementor-widget elementor-widget-heading\" data-id=\"9679bc0\" data-element_type=\"widget\" data-e-type=\"widget\" data-widget_type=\"heading.default\">\n\t\t\t\t\t<h2 class=\"elementor-heading-title elementor-size-default\">EYES, NOSE, EAR &amp; CHIN<\/h2>\t\t\t\t<\/div>\n\t\t\t\t<div class=\"elementor-element elementor-element-468420d elementor-widget elementor-widget-text-editor\" data-id=\"468420d\" data-element_type=\"widget\" data-e-type=\"widget\" data-widget_type=\"text-editor.default\">\n\t\t\t\t\t\t\t\t\t<ul><li><a href=\"https:\/\/noahklinik.de\/en\/aesthetic-surgery\/eyelid-lift\/\">Eyelid lift<\/a><\/li><li><a href=\"https:\/\/noahklinik.de\/en\/aesthetic-surgery\/eye-rings-removal\/\">Eye rings<\/a><\/li><li><a href=\"https:\/\/noahklinik.de\/en\/news-3\/deep-plane-facelift-turn-back-the-times\/\">Deep Plane Facelift<\/a><\/li><li><a href=\"https:\/\/noahklinik.de\/en\/aesthetic-surgery\/facelift\/\">Facelift<\/a><\/li><li><a href=\"https:\/\/noahklinik.de\/en\/aesthetic-surgery\/neck-lift\/\">Neck lift against a double chin<\/a><\/li><li><a href=\"https:\/\/noahklinik.de\/en\/aesthetic-surgery\/chin-plastic\/\">Chin plastic<\/a><\/li><li><a href=\"https:\/\/noahklinik.de\/en\/aesthetic-surgery\/lip-injection\/\">Injecting lips<\/a><\/li><li><a href=\"https:\/\/noahklinik.de\/en\/aesthetic-surgery\/rhinoplasty\/\">Rhinoplasty<\/a><\/li><li><a href=\"https:\/\/noahklinik.de\/en\/news-3\/earfold-an-innovative-method-for-correcting-protruding-ears-with-demonstrable-results\/\">Ear correction<\/a><\/li><li><a href=\"https:\/\/noahklinik.de\/en\/aesthetic-surgery\/eyelid-lift-3\/\">Eyelid surgery<\/a><\/li><\/ul>\t\t\t\t\t\t\t\t<\/div>\n\t\t\t\t\t<\/div>\n\t\t<\/div>\n\t\t\t\t\t<\/div>\n\t\t<\/section>\n\t\t\t\t<section class=\"elementor-section elementor-top-section elementor-element elementor-element-ff4aada elementor-section-boxed elementor-section-height-default elementor-section-height-default\" data-id=\"ff4aada\" data-element_type=\"section\" data-e-type=\"section\">\n\t\t\t\t\t\t<div class=\"elementor-container elementor-column-gap-default\">\n\t\t\t\t\t<div class=\"elementor-column elementor-col-50 elementor-top-column elementor-element elementor-element-6469433\" data-id=\"6469433\" data-element_type=\"column\" data-e-type=\"column\">\n\t\t\t<div class=\"elementor-widget-wrap elementor-element-populated\">\n\t\t\t\t\t\t<div class=\"elementor-element elementor-element-9361a41 elementor-widget elementor-widget-heading\" data-id=\"9361a41\" data-element_type=\"widget\" data-e-type=\"widget\" data-widget_type=\"heading.default\">\n\t\t\t\t\t<h2 class=\"elementor-heading-title elementor-size-default\">BODY<\/h2>\t\t\t\t<\/div>\n\t\t\t\t<div class=\"elementor-element elementor-element-99a2b4d elementor-widget elementor-widget-text-editor\" data-id=\"99a2b4d\" data-element_type=\"widget\" data-e-type=\"widget\" data-widget_type=\"text-editor.default\">\n\t\t\t\t\t\t\t\t\t<ul><li><a href=\"https:\/\/noahklinik.de\/en\/aesthetic-surgery\/tummy-tuck\/\">Abdominoplasty<\/a><\/li><li><a href=\"https:\/\/noahklinik.de\/en\/aesthetic-surgery\/body-lift\/\">Body Lift<\/a><\/li><li><a href=\"https:\/\/noahklinik.de\/en\/aesthetic-surgery\/coolsculpting\/\">Coolsculpting<\/a><\/li><li><a href=\"https:\/\/noahklinik.de\/en\/hyperhidrosis\/\">Hyperhidrosis<\/a><\/li><li><a href=\"https:\/\/noahklinik.de\/en\/aesthetic-surgery\/intimate-surgery\/\">Intimate surgery<\/a><\/li><li><a href=\"https:\/\/noahklinik.de\/en\/aesthetic-surgery\/lipoma-surgery\/\">Lipoma surgery<\/a><\/li><li><a href=\"https:\/\/noahklinik.de\/en\/aesthetic-surgery\/liposuction-liposuction\/\">Liposuction<\/a><\/li><li><a href=\"https:\/\/noahklinik.de\/en\/aesthetic-surgery\/lipoedem-treatment\/\">Lipedema<\/a><\/li><li><a href=\"https:\/\/noahklinik.de\/en\/aesthetic-surgery\/mommy-makeover\/\">Mommy Makeover<\/a><\/li><li><a href=\"https:\/\/noahklinik.de\/en\/aesthetic-surgery\/migraene\/\">Migraine<\/a><\/li><li><a href=\"https:\/\/noahklinik.de\/en\/aesthetic-surgery\/tightening-operations\/\">Lifting operations<\/a><\/li><\/ul>\t\t\t\t\t\t\t\t<\/div>\n\t\t\t\t\t<\/div>\n\t\t<\/div>\n\t\t\t\t<div class=\"elementor-column elementor-col-50 elementor-top-column elementor-element elementor-element-68b74ec\" data-id=\"68b74ec\" data-element_type=\"column\" data-e-type=\"column\">\n\t\t\t<div class=\"elementor-widget-wrap elementor-element-populated\">\n\t\t\t\t\t\t<div class=\"elementor-element elementor-element-f852fa1 elementor-widget elementor-widget-heading\" data-id=\"f852fa1\" data-element_type=\"widget\" data-e-type=\"widget\" data-widget_type=\"heading.default\">\n\t\t\t\t\t<h2 class=\"elementor-heading-title elementor-size-default\">BRUST-OPS<\/h2>\t\t\t\t<\/div>\n\t\t\t\t<div class=\"elementor-element elementor-element-c79fe6a elementor-widget elementor-widget-text-editor\" data-id=\"c79fe6a\" data-element_type=\"widget\" data-e-type=\"widget\" data-widget_type=\"text-editor.default\">\n\t\t\t\t\t\t\t\t\t<ul><li><a href=\"https:\/\/noahklinik.de\/en\/aesthetic-surgery\/breast-malformation\/\">Breast malformation<\/a><\/li><li><a href=\"https:\/\/noahklinik.de\/en\/aesthetic-surgery\/breast-enlargement\/\">Breast enlargement<\/a><\/li><li><a href=\"https:\/\/noahklinik.de\/en\/aesthetic-surgery\/breast-reduction\/\">Breast reduction<\/a><\/li><li><a href=\"https:\/\/noahklinik.de\/en\/aesthetic-surgery\/breast-lift\/\">Breast lift<\/a><\/li><li><a href=\"https:\/\/noahklinik.de\/en\/aesthetic-surgery\/male-breast-correction-gynaecomastia\/\">Gynaecomastia<\/a><\/li><li><a href=\"https:\/\/noahklinik.de\/en\/aesthetic-surgery\/mia-method\/\">Mia\u00ae method<\/a><\/li><li><a href=\"https:\/\/noahklinik.de\/en\/aesthetic-surgery\/tubular-breast\/\">Tubular breast<\/a><\/li><\/ul>\t\t\t\t\t\t\t\t<\/div>\n\t\t\t\t\t<\/div>\n\t\t<\/div>\n\t\t\t\t\t<\/div>\n\t\t<\/section>\n\t\t\t\t<section class=\"elementor-section elementor-top-section elementor-element elementor-element-9783fb0 abstand grau elementor-section-boxed elementor-section-height-default elementor-section-height-default\" data-id=\"9783fb0\" data-element_type=\"section\" data-e-type=\"section\" data-settings=\"{&quot;background_background&quot;:&quot;classic&quot;}\">\n\t\t\t\t\t\t\t<div class=\"elementor-background-overlay\"><\/div>\n\t\t\t\t\t\t\t<div class=\"elementor-container elementor-column-gap-default\">\n\t\t\t\t\t<div class=\"elementor-column elementor-col-100 elementor-top-column elementor-element elementor-element-dabcddf\" data-id=\"dabcddf\" data-element_type=\"column\" data-e-type=\"column\">\n\t\t\t<div class=\"elementor-widget-wrap elementor-element-populated\">\n\t\t\t\t\t\t<section class=\"elementor-section elementor-inner-section elementor-element elementor-element-d0c1a75 elementor-section-boxed elementor-section-height-default elementor-section-height-default\" data-id=\"d0c1a75\" data-element_type=\"section\" data-e-type=\"section\">\n\t\t\t\t\t\t<div class=\"elementor-container elementor-column-gap-default\">\n\t\t\t\t\t<div class=\"elementor-column elementor-col-100 elementor-inner-column elementor-element elementor-element-f6eba66\" data-id=\"f6eba66\" data-element_type=\"column\" data-e-type=\"column\">\n\t\t\t<div class=\"elementor-widget-wrap elementor-element-populated\">\n\t\t\t\t\t\t<div class=\"elementor-element elementor-element-8adc4d9 elementor-widget elementor-widget-heading\" data-id=\"8adc4d9\" data-element_type=\"widget\" data-e-type=\"widget\" data-widget_type=\"heading.default\">\n\t\t\t\t\t<h3 class=\"elementor-heading-title elementor-size-default\">Note on the follow-up cost regulation after aesthetic operations<\/h3>\t\t\t\t<\/div>\n\t\t\t\t\t<\/div>\n\t\t<\/div>\n\t\t\t\t\t<\/div>\n\t\t<\/section>\n\t\t\t\t<section class=\"elementor-section elementor-inner-section elementor-element elementor-element-73f897f elementor-section-boxed elementor-section-height-default elementor-section-height-default\" data-id=\"73f897f\" data-element_type=\"section\" data-e-type=\"section\" data-settings=\"{&quot;background_background&quot;:&quot;classic&quot;}\">\n\t\t\t\t\t\t<div class=\"elementor-container elementor-column-gap-default\">\n\t\t\t\t\t<div class=\"elementor-column elementor-col-100 elementor-inner-column elementor-element elementor-element-7030e99\" data-id=\"7030e99\" data-element_type=\"column\" data-e-type=\"column\">\n\t\t\t<div class=\"elementor-widget-wrap elementor-element-populated\">\n\t\t\t\t\t\t<div class=\"elementor-element elementor-element-dea7ceb elementor-widget elementor-widget-text-editor\" data-id=\"dea7ceb\" data-element_type=\"widget\" data-e-type=\"widget\" data-widget_type=\"text-editor.default\">\n\t\t\t\t\t\t\t\t\t<p>We recommend that our patients take out follow-up cost insurance before having an aesthetically motivated operation. This covers you in the event that complications arise during or after the operation that require medical care. This is because, according to the current legal situation, the health insurance companies are allowed to share the costs of the follow-up treatment with you (<a href=\"https:\/\/www.gesetze-im-internet.de\/sgb_5\/__52.html\" target=\"_blank\" rel=\"noopener\">\u00a752 Social Code<\/a>). We will be happy to advise you in detail on this topic in our practice.<\/p>\t\t\t\t\t\t\t\t<\/div>\n\t\t\t\t\t<\/div>\n\t\t<\/div>\n\t\t\t\t\t<\/div>\n\t\t<\/section>\n\t\t\t\t\t<\/div>\n\t\t<\/div>\n\t\t\t\t\t<\/div>\n\t\t<\/section>\n\t\t\t\t<section class=\"elementor-section elementor-top-section elementor-element elementor-element-632aa7b abstand elementor-section-boxed elementor-section-height-default elementor-section-height-default\" data-id=\"632aa7b\" data-element_type=\"section\" data-e-type=\"section\" data-settings=\"{&quot;background_background&quot;:&quot;classic&quot;}\">\n\t\t\t\t\t\t\t<div class=\"elementor-background-overlay\"><\/div>\n\t\t\t\t\t\t\t<div class=\"elementor-container elementor-column-gap-default\">\n\t\t\t\t\t<div class=\"elementor-column elementor-col-100 elementor-top-column elementor-element elementor-element-050a463\" data-id=\"050a463\" data-element_type=\"column\" data-e-type=\"column\">\n\t\t\t<div class=\"elementor-widget-wrap elementor-element-populated\">\n\t\t\t\t\t\t<section class=\"elementor-section elementor-inner-section elementor-element elementor-element-cb59150 elementor-section-boxed elementor-section-height-default elementor-section-height-default\" data-id=\"cb59150\" data-element_type=\"section\" data-e-type=\"section\">\n\t\t\t\t\t\t<div class=\"elementor-container elementor-column-gap-default\">\n\t\t\t\t\t<div class=\"elementor-column elementor-col-100 elementor-inner-column elementor-element elementor-element-25653b8\" data-id=\"25653b8\" data-element_type=\"column\" data-e-type=\"column\">\n\t\t\t<div class=\"elementor-widget-wrap elementor-element-populated\">\n\t\t\t\t\t\t<div class=\"elementor-element elementor-element-e0f1ff6 elementor-widget elementor-widget-heading\" data-id=\"e0f1ff6\" data-element_type=\"widget\" data-e-type=\"widget\" data-widget_type=\"heading.default\">\n\t\t\t\t\t<h3 class=\"elementor-heading-title elementor-size-default\">Note on our own behalf<\/h3>\t\t\t\t<\/div>\n\t\t\t\t\t<\/div>\n\t\t<\/div>\n\t\t\t\t\t<\/div>\n\t\t<\/section>\n\t\t\t\t<section class=\"elementor-section elementor-inner-section elementor-element elementor-element-7d1cad4 elementor-section-boxed elementor-section-height-default elementor-section-height-default\" data-id=\"7d1cad4\" data-element_type=\"section\" data-e-type=\"section\" data-settings=\"{&quot;background_background&quot;:&quot;classic&quot;}\">\n\t\t\t\t\t\t<div class=\"elementor-container elementor-column-gap-default\">\n\t\t\t\t\t<div class=\"elementor-column elementor-col-100 elementor-inner-column elementor-element elementor-element-e70c952\" data-id=\"e70c952\" data-element_type=\"column\" data-e-type=\"column\">\n\t\t\t<div class=\"elementor-widget-wrap elementor-element-populated\">\n\t\t\t\t\t\t<div class=\"elementor-element elementor-element-aef1acf elementor-widget elementor-widget-text-editor\" data-id=\"aef1acf\" data-element_type=\"widget\" data-e-type=\"widget\" data-widget_type=\"text-editor.default\">\n\t\t\t\t\t\t\t\t\t<p>Since 01.04.2006, due to a change in the Therapeutic Products Advertising Act, we are unfortunately no longer permitted to present you with before-and-after pictures of operations as examples on our website. However, we will of course present you with approved patient examples as part of a personal presentation.<\/p>\t\t\t\t\t\t\t\t<\/div>\n\t\t\t\t\t<\/div>\n\t\t<\/div>\n\t\t\t\t\t<\/div>\n\t\t<\/section>\n\t\t\t\t\t<\/div>\n\t\t<\/div>\n\t\t\t\t\t<\/div>\n\t\t<\/section>\n\t\t<div class=\"elementor-element elementor-element-6110a21 e-flex e-con-boxed e-con e-parent\" data-id=\"6110a21\" data-element_type=\"container\" data-e-type=\"container\">\n\t\t\t\t\t<div class=\"e-con-inner\">\n\t\t\t\t<div class=\"elementor-element elementor-element-f7924ca elementor-widget elementor-widget-heading\" data-id=\"f7924ca\" data-element_type=\"widget\" data-e-type=\"widget\" data-widget_type=\"heading.default\">\n\t\t\t\t\t<h3 class=\"elementor-heading-title elementor-size-default\">Testimonials from patients<\/h3>\t\t\t\t<\/div>\n\t\t\t\t<div class=\"elementor-element elementor-element-5e1a45d elementor-widget elementor-widget-shortcode\" data-id=\"5e1a45d\" data-element_type=\"widget\" data-e-type=\"widget\" data-widget_type=\"shortcode.default\">\n\t\t\t\t\t\t\t<div class=\"elementor-shortcode\"><div data-src=\"https:\/\/cdn.trustindex.io\/loader.js?ed1c03118d3037333d460ff7ace\"><\/div><\/div>\n\t\t\t\t\t\t<\/div>\n\t\t\t\t<div class=\"elementor-element elementor-element-ef380fb elementor-widget elementor-widget-text-editor\" data-id=\"ef380fb\" data-element_type=\"widget\" data-e-type=\"widget\" data-widget_type=\"text-editor.default\">\n\t\t\t\t\t\t\t\t\t<p>We are very happy about your feedback! The reviews shown here come directly from our Google, Jameda or Trustindex profile. This is monitored and checked by the respective provider themselves. This means you can see real testimonials from our patients - transparent, up-to-date and reliable.<\/p>\t\t\t\t\t\t\t\t<\/div>\n\t\t\t\t\t<\/div>\n\t\t\t\t<\/div>\n\t\t\t\t<\/div>","protected":false},"excerpt":{"rendered":"<p>\u00c4STHETISCHE CHIRURGIE IN KASSEL Unter der \u00c4sthetischen Chirurgie werden alle formver\u00e4ndernden Eingriffe zusammengefasst, die nicht medizinisch notwendig, sondern ausschlie\u00dflich auf Wunsch des Patienten vorgenommen werden. Ein paar P\u00f6lsterchen, eine nicht wunschgem\u00e4\u00dfe Brust, Tr\u00e4nens\u00e4cke oder Falten \u2013 f\u00fcr viele Menschen ist der Blick in den Spiegel ein Blick auf Ihr eigenes Selbstbewusstsein. Immer mehr Menschen, entscheiden [&hellip;]<\/p>\n","protected":false},"author":5,"featured_media":9196,"parent":0,"menu_order":0,"comment_status":"closed","ping_status":"closed","template":"","meta":{"footnotes":""},"class_list":["post-189","page","type-page","status-publish","has-post-thumbnail","hentry"],"_links":{"self":[{"href":"https:\/\/noahklinik.de\/en\/wp-json\/wp\/v2\/pages\/189","targetHints":{"allow":["GET"]}}],"collection":[{"href":"https:\/\/noahklinik.de\/en\/wp-json\/wp\/v2\/pages"}],"about":[{"href":"https:\/\/noahklinik.de\/en\/wp-json\/wp\/v2\/types\/page"}],"author":[{"embeddable":true,"href":"https:\/\/noahklinik.de\/en\/wp-json\/wp\/v2\/users\/5"}],"replies":[{"embeddable":true,"href":"https:\/\/noahklinik.de\/en\/wp-json\/wp\/v2\/comments?post=189"}],"version-history":[{"count":3,"href":"https:\/\/noahklinik.de\/en\/wp-json\/wp\/v2\/pages\/189\/revisions"}],"predecessor-version":[{"id":20340,"href":"https:\/\/noahklinik.de\/en\/wp-json\/wp\/v2\/pages\/189\/revisions\/20340"}],"wp:featuredmedia":[{"embeddable":true,"href":"https:\/\/noahklinik.de\/en\/wp-json\/wp\/v2\/media\/9196"}],"wp:attachment":[{"href":"https:\/\/noahklinik.de\/en\/wp-json\/wp\/v2\/media?parent=189"}],"curies":[{"name":"wp","href":"https:\/\/api.w.org\/{rel}","templated":true}]}}