{"id":187,"date":"2016-05-19T17:11:32","date_gmt":"2016-05-19T15:11:32","guid":{"rendered":"http:\/\/noah.eve-com.de\/?page_id=187"},"modified":"2025-10-14T09:21:55","modified_gmt":"2025-10-14T07:21:55","slug":"3d-simulation","status":"publish","type":"page","link":"https:\/\/noahklinik.de\/en\/3d-simulation\/","title":{"rendered":"3-D simulation"},"content":{"rendered":"<div data-elementor-type=\"wp-page\" data-elementor-id=\"187\" class=\"elementor elementor-187\" data-elementor-post-type=\"page\">\n\t\t\t\t\t\t<section class=\"elementor-section elementor-top-section elementor-element elementor-element-d27c893 elementor-section-boxed elementor-section-height-default elementor-section-height-default\" data-id=\"d27c893\" data-element_type=\"section\" data-e-type=\"section\">\n\t\t\t\t\t\t<div class=\"elementor-container elementor-column-gap-default\">\n\t\t\t\t\t<div class=\"elementor-column elementor-col-100 elementor-top-column elementor-element elementor-element-1b7d710\" data-id=\"1b7d710\" data-element_type=\"column\" data-e-type=\"column\">\n\t\t\t<div class=\"elementor-widget-wrap elementor-element-populated\">\n\t\t\t\t\t\t<div class=\"elementor-element elementor-element-efff611 elementor-widget elementor-widget-heading\" data-id=\"efff611\" data-element_type=\"widget\" data-e-type=\"widget\" data-widget_type=\"heading.default\">\n\t\t\t\t\t<h1 class=\"elementor-heading-title elementor-size-default\">3-D simulation of the treatment results<\/h1>\t\t\t\t<\/div>\n\t\t\t\t\t<\/div>\n\t\t<\/div>\n\t\t\t\t\t<\/div>\n\t\t<\/section>\n\t\t\t\t<section class=\"elementor-section elementor-top-section elementor-element elementor-element-2a19c38 elementor-section-boxed elementor-section-height-default elementor-section-height-default\" data-id=\"2a19c38\" data-element_type=\"section\" data-e-type=\"section\">\n\t\t\t\t\t\t<div class=\"elementor-container elementor-column-gap-default\">\n\t\t\t\t\t<div class=\"elementor-column elementor-col-50 elementor-top-column elementor-element elementor-element-6fe3095\" data-id=\"6fe3095\" data-element_type=\"column\" data-e-type=\"column\">\n\t\t\t<div class=\"elementor-widget-wrap elementor-element-populated\">\n\t\t\t\t\t\t<div class=\"elementor-element elementor-element-4e86390 elementor-widget elementor-widget-video\" data-id=\"4e86390\" data-element_type=\"widget\" data-e-type=\"widget\" data-settings=\"{&quot;video_type&quot;:&quot;hosted&quot;,&quot;controls&quot;:&quot;yes&quot;}\" data-widget_type=\"video.default\">\n\t\t\t\t\t\t\t<div class=\"e-hosted-video elementor-wrapper elementor-open-inline\">\n\t\t\t\t\t<video class=\"elementor-video\" src=\"https:\/\/noahklinik.de\/wp-content\/uploads\/2023\/08\/Realistische-3D-Simulation-fur-Brust-OPs-in-der-Noahklinik.mp4\" controls=\"\" preload=\"metadata\" controlslist=\"nodownload\" poster=\"https:\/\/noahklinik.de\/wp-content\/uploads\/2023\/09\/Bildschirmfoto-2023-09-25-um-06.41.35.jpg\"><\/video>\n\t\t\t\t<\/div>\n\t\t\t\t\t\t<\/div>\n\t\t\t\t\t<\/div>\n\t\t<\/div>\n\t\t\t\t<div class=\"elementor-column elementor-col-50 elementor-top-column elementor-element elementor-element-f2957b0\" data-id=\"f2957b0\" data-element_type=\"column\" data-e-type=\"column\">\n\t\t\t<div class=\"elementor-widget-wrap elementor-element-populated\">\n\t\t\t\t\t\t<div class=\"elementor-element elementor-element-24fe4d1 elementor-widget elementor-widget-heading\" data-id=\"24fe4d1\" data-element_type=\"widget\" data-e-type=\"widget\" data-widget_type=\"heading.default\">\n\t\t\t\t\t<h2 class=\"elementor-heading-title elementor-size-default\">3-D simulation information<\/h2>\t\t\t\t<\/div>\n\t\t\t\t<div class=\"elementor-element elementor-element-421ad5e elementor-widget elementor-widget-text-editor\" data-id=\"421ad5e\" data-element_type=\"widget\" data-e-type=\"widget\" data-widget_type=\"text-editor.default\">\n\t\t\t\t\t\t\t\t\t<p>With Crisalix simulation technology, we offer you - our patients - an innovative system to visualise your expected treatment outcome. After more than five years of dedicated development with hundreds of surgeons and patients, the Crisalix 3D simulation makes it possible to provide anatomically accurate 3D images. This makes it possible to perform almost all plastic and aesthetic operations such as <a href=\"https:\/\/noahklinik.de\/en\/aesthetic-surgery\/breast-enlargement\/\">Breast enlargements<\/a>, -reductions, <a href=\"https:\/\/noahklinik.de\/en\/aesthetic-surgery\/liposuction-liposuction\/\">Liposuction<\/a> or on the face like <a href=\"https:\/\/noahklinik.de\/en\/aesthetic-surgery\/rhinoplasty\/\">Rhinoplasty<\/a> or <a href=\"https:\/\/noahklinik.de\/en\/aesthetic-surgery\/botox-botulinum-toxin\/\">Botox\u00ae treatments<\/a> can be simulated three-dimensionally and realistically. In the following, we would like to give you some information about this in advance.<\/p>\t\t\t\t\t\t\t\t<\/div>\n\t\t\t\t\t<\/div>\n\t\t<\/div>\n\t\t\t\t\t<\/div>\n\t\t<\/section>\n\t\t\t\t<section class=\"elementor-section elementor-top-section elementor-element elementor-element-e317ced animated-slow abstand elementor-section-boxed elementor-section-height-default elementor-section-height-default elementor-invisible\" data-id=\"e317ced\" data-element_type=\"section\" data-e-type=\"section\" data-settings=\"{&quot;background_background&quot;:&quot;classic&quot;,&quot;animation&quot;:&quot;fadeInRight&quot;}\">\n\t\t\t\t\t\t\t<div class=\"elementor-background-overlay\"><\/div>\n\t\t\t\t\t\t\t<div class=\"elementor-container elementor-column-gap-default\">\n\t\t\t\t\t<div class=\"elementor-column elementor-col-100 elementor-top-column elementor-element elementor-element-0c3e05b\" data-id=\"0c3e05b\" data-element_type=\"column\" data-e-type=\"column\">\n\t\t\t<div class=\"elementor-widget-wrap elementor-element-populated\">\n\t\t\t\t\t\t<div class=\"elementor-element elementor-element-b975718 elementor-widget elementor-widget-heading\" data-id=\"b975718\" data-element_type=\"widget\" data-e-type=\"widget\" data-widget_type=\"heading.default\">\n\t\t\t\t\t<h3 class=\"elementor-heading-title elementor-size-default\">Advantages:<\/h3>\t\t\t\t<\/div>\n\t\t\t\t<div class=\"elementor-element elementor-element-9295710 links elementor-widget elementor-widget-text-editor\" data-id=\"9295710\" data-element_type=\"widget\" data-e-type=\"widget\" data-widget_type=\"text-editor.default\">\n\t\t\t\t\t\t\t\t\t<ul><li>Our patients receive a realistic simulation and thus also an idea of their desired treatment<\/li><li>Based on the simulation, we can explain the treatment to you in detail and advise you even better<\/li><li>Implant sizes and shapes, types of surgery, placement and even scar progression can be displayed in breast surgery<\/li><\/ul>\t\t\t\t\t\t\t\t<\/div>\n\t\t\t\t\t<\/div>\n\t\t<\/div>\n\t\t\t\t\t<\/div>\n\t\t<\/section>\n\t\t\t\t<section class=\"elementor-section elementor-top-section elementor-element elementor-element-69ad1ae abstand elementor-section-boxed elementor-section-height-default elementor-section-height-default\" data-id=\"69ad1ae\" data-element_type=\"section\" data-e-type=\"section\">\n\t\t\t\t\t\t<div class=\"elementor-container elementor-column-gap-default\">\n\t\t\t\t\t<div class=\"elementor-column elementor-col-100 elementor-top-column elementor-element elementor-element-c4d0d1b\" data-id=\"c4d0d1b\" data-element_type=\"column\" data-e-type=\"column\">\n\t\t\t<div class=\"elementor-widget-wrap elementor-element-populated\">\n\t\t\t\t\t\t<div class=\"elementor-element elementor-element-c09c71d elementor-widget elementor-widget-heading\" data-id=\"c09c71d\" data-element_type=\"widget\" data-e-type=\"widget\" data-widget_type=\"heading.default\">\n\t\t\t\t\t<h3 class=\"elementor-heading-title elementor-size-default\">3 PHOTOS, 3 SIMPLE STEPS TO 3D SIMULATION<\/h3>\t\t\t\t<\/div>\n\t\t\t\t<div class=\"elementor-element elementor-element-1f777b9 links elementor-widget elementor-widget-text-editor\" data-id=\"1f777b9\" data-element_type=\"widget\" data-e-type=\"widget\" data-widget_type=\"text-editor.default\">\n\t\t\t\t\t\t\t\t\t<p>You will be photographed by your doctor from the left, frontally and from the right. These conventional 2D images are then loaded into the Crisalix computer system and the 3D image is generated within a few minutes. Your upper body is displayed in 3D on the computer. The simulation that is now possible gives you an initial idea of how a breast enlargement, for example, will affect you. Different implant sizes and shapes are simulated so that you can see how an implant weighing 280 g will change your breasts.<\/p>\t\t\t\t\t\t\t\t<\/div>\n\t\t\t\t<div class=\"elementor-element elementor-element-6a904cb links elementor-widget elementor-widget-text-editor\" data-id=\"6a904cb\" data-element_type=\"widget\" data-e-type=\"widget\" data-widget_type=\"text-editor.default\">\n\t\t\t\t\t\t\t\t\t<p>At the Noah Clinic we take the photos with the help of a 3D infrared sensor, which improves the simulation considerably compared to the photos. The special software reproduces the body area three-dimensionally and then makes it possible to change it virtually according to your ideas.<\/p>\t\t\t\t\t\t\t\t<\/div>\n\t\t\t\t<div class=\"elementor-element elementor-element-8e0b7cf links elementor-widget elementor-widget-text-editor\" data-id=\"8e0b7cf\" data-element_type=\"widget\" data-e-type=\"widget\" data-widget_type=\"text-editor.default\">\n\t\t\t\t\t\t\t\t\t<p>Please note that a 3D animation can only serve as an aid during the consultation, to illustrate the possible changes. The actual result after a breast augmentation is usually different from the 3D processing, as it is still only a simulation.<\/p>\t\t\t\t\t\t\t\t<\/div>\n\t\t\t\t\t<\/div>\n\t\t<\/div>\n\t\t\t\t\t<\/div>\n\t\t<\/section>\n\t\t\t\t<section class=\"elementor-section elementor-top-section elementor-element elementor-element-498a726 animated-slow abstand elementor-section-boxed elementor-section-height-default elementor-section-height-default elementor-invisible\" data-id=\"498a726\" data-element_type=\"section\" data-e-type=\"section\" data-settings=\"{&quot;background_background&quot;:&quot;classic&quot;,&quot;animation&quot;:&quot;fadeInRight&quot;}\">\n\t\t\t\t\t\t\t<div class=\"elementor-background-overlay\"><\/div>\n\t\t\t\t\t\t\t<div class=\"elementor-container elementor-column-gap-default\">\n\t\t\t\t\t<div class=\"elementor-column elementor-col-100 elementor-top-column elementor-element elementor-element-d9a76dd\" data-id=\"d9a76dd\" data-element_type=\"column\" data-e-type=\"column\">\n\t\t\t<div class=\"elementor-widget-wrap elementor-element-populated\">\n\t\t\t\t\t\t<div class=\"elementor-element elementor-element-61a4a66 elementor-widget elementor-widget-heading\" data-id=\"61a4a66\" data-element_type=\"widget\" data-e-type=\"widget\" data-widget_type=\"heading.default\">\n\t\t\t\t\t<h2 class=\"elementor-heading-title elementor-size-default\">3-D simulation: Implementation<\/h2>\t\t\t\t<\/div>\n\t\t\t\t<div class=\"elementor-element elementor-element-9c26f05 elementor-widget elementor-widget-text-editor\" data-id=\"9c26f05\" data-element_type=\"widget\" data-e-type=\"widget\" data-widget_type=\"text-editor.default\">\n\t\t\t\t\t\t\t\t\t<p>What could it look like? If you like, you can use the software to simulate your \"desired change\" from home. At your leisure from the comfort of your sofa.<\/p>\t\t\t\t\t\t\t\t<\/div>\n\t\t\t\t<section class=\"elementor-section elementor-inner-section elementor-element elementor-element-8764320 elementor-section-boxed elementor-section-height-default elementor-section-height-default\" data-id=\"8764320\" data-element_type=\"section\" data-e-type=\"section\" data-settings=\"{&quot;background_background&quot;:&quot;classic&quot;}\">\n\t\t\t\t\t\t<div class=\"elementor-container elementor-column-gap-default\">\n\t\t\t\t\t<div class=\"elementor-column elementor-col-50 elementor-inner-column elementor-element elementor-element-d45bce1\" data-id=\"d45bce1\" data-element_type=\"column\" data-e-type=\"column\">\n\t\t\t<div class=\"elementor-widget-wrap elementor-element-populated\">\n\t\t\t\t\t\t<div class=\"elementor-element elementor-element-c924f67 elementor-widget elementor-widget-heading\" data-id=\"c924f67\" data-element_type=\"widget\" data-e-type=\"widget\" data-widget_type=\"heading.default\">\n\t\t\t\t\t<h3 class=\"elementor-heading-title elementor-size-default\">Breast enlargements<\/h3>\t\t\t\t<\/div>\n\t\t\t\t<div class=\"elementor-element elementor-element-abaa98d links elementor-widget elementor-widget-text-editor\" data-id=\"abaa98d\" data-element_type=\"widget\" data-e-type=\"widget\" data-widget_type=\"text-editor.default\">\n\t\t\t\t\t\t\t\t\t<p>You would like to have a breast augmentation but have no feeling for the size of implants that might be suitable for you? Would you like to develop a feeling for the different cup sizes, quantities and shapes? Choose from a wide range of different implant types, sizes and surgical techniques in the 3-D simulation. For a first impression of your own and, if you like, also as a basis for the first consultation at the Noah Clinic. Just try it out!<\/p>\t\t\t\t\t\t\t\t<\/div>\n\t\t\t\t\t<\/div>\n\t\t<\/div>\n\t\t\t\t<div class=\"elementor-column elementor-col-50 elementor-inner-column elementor-element elementor-element-57dac4b\" data-id=\"57dac4b\" data-element_type=\"column\" data-e-type=\"column\">\n\t\t\t<div class=\"elementor-widget-wrap elementor-element-populated\">\n\t\t\t\t\t\t<div class=\"elementor-element elementor-element-23c4dca elementor-widget elementor-widget-heading\" data-id=\"23c4dca\" data-element_type=\"widget\" data-e-type=\"widget\" data-widget_type=\"heading.default\">\n\t\t\t\t\t<h3 class=\"elementor-heading-title elementor-size-default\">Facials<\/h3>\t\t\t\t<\/div>\n\t\t\t\t<div class=\"elementor-element elementor-element-71f70dd links elementor-widget elementor-widget-text-editor\" data-id=\"71f70dd\" data-element_type=\"widget\" data-e-type=\"widget\" data-widget_type=\"text-editor.default\">\n\t\t\t\t\t\t\t\t\t<p>You can also visualise rhinoplasties, Botox, fat transfer and much more with the 3-D simulation. Answer the question: What could I look like after a procedure?<\/p>\t\t\t\t\t\t\t\t<\/div>\n\t\t\t\t\t<\/div>\n\t\t<\/div>\n\t\t\t\t\t<\/div>\n\t\t<\/section>\n\t\t\t\t\t<\/div>\n\t\t<\/div>\n\t\t\t\t\t<\/div>\n\t\t<\/section>\n\t\t\t\t<section class=\"elementor-section elementor-top-section elementor-element elementor-element-f796a74 abstand elementor-section-boxed elementor-section-height-default elementor-section-height-default\" data-id=\"f796a74\" data-element_type=\"section\" data-e-type=\"section\">\n\t\t\t\t\t\t<div class=\"elementor-container elementor-column-gap-default\">\n\t\t\t\t\t<div class=\"elementor-column elementor-col-100 elementor-top-column elementor-element elementor-element-6d3084d\" data-id=\"6d3084d\" data-element_type=\"column\" data-e-type=\"column\">\n\t\t\t<div class=\"elementor-widget-wrap elementor-element-populated\">\n\t\t\t\t\t\t<div class=\"elementor-element elementor-element-aa0a4a9 elementor-widget elementor-widget-heading\" data-id=\"aa0a4a9\" data-element_type=\"widget\" data-e-type=\"widget\" data-widget_type=\"heading.default\">\n\t\t\t\t\t<h2 class=\"elementor-heading-title elementor-size-default\">3-D simulation face and chest<\/h2>\t\t\t\t<\/div>\n\t\t\t\t<div class=\"elementor-element elementor-element-1ab51e0 elementor-widget elementor-widget-html\" data-id=\"1ab51e0\" data-element_type=\"widget\" data-e-type=\"widget\" data-widget_type=\"html.default\">\n\t\t\t\t\t<div id=\"crisalix_banner_wrap\"><script type='text\/javascript' src='https:\/\/my.crisalix.com:443\/banner.js?banner_size=300x250&locale=de&procedure_type=hybrid&selector=crisalix_banner_wrap&token=7bfc783838b6c2edde1e94680351889c'><\/script><\/div>\t\t\t\t<\/div>\n\t\t\t\t\t<\/div>\n\t\t<\/div>\n\t\t\t\t\t<\/div>\n\t\t<\/section>\n\t\t\t\t<\/div>","protected":false},"excerpt":{"rendered":"<p>3-D Simulation der Behandlungsergebnisse https:\/\/noahklinik.de\/wp-content\/uploads\/2023\/08\/Realistische-3D-Simulation-fur-Brust-OPs-in-der-Noahklinik.mp4 3-D Simulation Informationen Mit der Simulationstechnik von Crisalix bieten wir Ihnen \u2013 unseren Patienten \u2013 ein innovatives System zur Veranschaulichung Ihres voraussichtlichen Behandlungsergebnisses. Nach mehr als f\u00fcnf Jahren engagierter Entwicklung mit Hunderten von Chirurgen und Patienten erm\u00f6glicht es die 3D Simulation Crisalix anatomisch genaue 3D-Bilder zu liefern. Damit k\u00f6nnen nahezu [&hellip;]<\/p>\n","protected":false},"author":5,"featured_media":3239,"parent":0,"menu_order":0,"comment_status":"closed","ping_status":"closed","template":"","meta":{"footnotes":""},"class_list":["post-187","page","type-page","status-publish","has-post-thumbnail","hentry"],"_links":{"self":[{"href":"https:\/\/noahklinik.de\/en\/wp-json\/wp\/v2\/pages\/187","targetHints":{"allow":["GET"]}}],"collection":[{"href":"https:\/\/noahklinik.de\/en\/wp-json\/wp\/v2\/pages"}],"about":[{"href":"https:\/\/noahklinik.de\/en\/wp-json\/wp\/v2\/types\/page"}],"author":[{"embeddable":true,"href":"https:\/\/noahklinik.de\/en\/wp-json\/wp\/v2\/users\/5"}],"replies":[{"embeddable":true,"href":"https:\/\/noahklinik.de\/en\/wp-json\/wp\/v2\/comments?post=187"}],"version-history":[{"count":0,"href":"https:\/\/noahklinik.de\/en\/wp-json\/wp\/v2\/pages\/187\/revisions"}],"wp:featuredmedia":[{"embeddable":true,"href":"https:\/\/noahklinik.de\/en\/wp-json\/wp\/v2\/media\/3239"}],"wp:attachment":[{"href":"https:\/\/noahklinik.de\/en\/wp-json\/wp\/v2\/media?parent=187"}],"curies":[{"name":"wp","href":"https:\/\/api.w.org\/{rel}","templated":true}]}}