{"id":18361,"date":"2025-09-26T09:48:53","date_gmt":"2025-09-26T07:48:53","guid":{"rendered":"https:\/\/noahklinik.de\/?page_id=18361"},"modified":"2025-11-19T12:38:08","modified_gmt":"2025-11-19T11:38:08","slug":"katharina-weinberger","status":"publish","type":"page","link":"https:\/\/noahklinik.de\/en\/ueber-uns\/unsere-fachaerzte\/katharina-weinberger\/","title":{"rendered":"Katharina Weinberger"},"content":{"rendered":"<div data-elementor-type=\"wp-page\" data-elementor-id=\"18361\" class=\"elementor elementor-18361\" data-elementor-post-type=\"page\">\n\t\t\t\t\t\t<section class=\"elementor-section elementor-top-section elementor-element elementor-element-ba01fe6 elementor-section-boxed elementor-section-height-default elementor-section-height-default\" data-id=\"ba01fe6\" data-element_type=\"section\" data-e-type=\"section\">\n\t\t\t\t\t\t<div class=\"elementor-container elementor-column-gap-default\">\n\t\t\t\t\t<div class=\"elementor-column elementor-col-100 elementor-top-column elementor-element elementor-element-e8224de\" data-id=\"e8224de\" data-element_type=\"column\" data-e-type=\"column\">\n\t\t\t<div class=\"elementor-widget-wrap elementor-element-populated\">\n\t\t\t\t\t\t<div class=\"elementor-element elementor-element-4444502 elementor-widget elementor-widget-heading\" data-id=\"4444502\" data-element_type=\"widget\" data-e-type=\"widget\" data-widget_type=\"heading.default\">\n\t\t\t\t\t<h1 class=\"elementor-heading-title elementor-size-default\">Mrs Katharina Weinberger<\/h1>\t\t\t\t<\/div>\n\t\t\t\t<div class=\"elementor-element elementor-element-52ff369 elementor-widget elementor-widget-image\" data-id=\"52ff369\" data-element_type=\"widget\" data-e-type=\"widget\" data-widget_type=\"image.default\">\n\t\t\t\t\t\t\t\t\t\t\t\t\t\t\t<img fetchpriority=\"high\" decoding=\"async\" width=\"300\" height=\"200\" src=\"https:\/\/noahklinik.de\/wp-content\/uploads\/2021\/06\/Katharina-300x200.jpg\" class=\"attachment-medium size-medium wp-image-4286\" alt=\"Katharina Weinberger\" srcset=\"https:\/\/noahklinik.de\/wp-content\/uploads\/2021\/06\/Katharina-300x200.jpg 300w, https:\/\/noahklinik.de\/wp-content\/uploads\/2021\/06\/Katharina.jpg 750w\" sizes=\"(max-width: 300px) 100vw, 300px\" \/>\t\t\t\t\t\t\t\t\t\t\t\t\t\t\t<\/div>\n\t\t\t\t<div class=\"elementor-element elementor-element-c5eea5f elementor-widget elementor-widget-text-editor\" data-id=\"c5eea5f\" data-element_type=\"widget\" data-e-type=\"widget\" data-widget_type=\"text-editor.default\">\n\t\t\t\t\t\t\t\t\t<p style=\"text-align: center;\"><span data-olk-copy-source=\"MessageBody\">Specialist in plastic, aesthetic and reconstructive surgery<\/span><\/p>\t\t\t\t\t\t\t\t<\/div>\n\t\t\t\t<div class=\"elementor-element elementor-element-96067a4 elementor-align-center elementor-widget elementor-widget-button\" data-id=\"96067a4\" data-element_type=\"widget\" data-e-type=\"widget\" data-widget_type=\"button.default\">\n\t\t\t\t\t\t\t\t\t\t<a class=\"elementor-button elementor-button-link elementor-size-sm\" href=\"https:\/\/noahklinik.de\/en\/about-us\/online-appointment-booking\/online-appointment-booking-dr-weinberger\/\">\n\t\t\t\t\t\t<span class=\"elementor-button-content-wrapper\">\n\t\t\t\t\t\t\t\t\t<span class=\"elementor-button-text\">Book an appointment<\/span>\n\t\t\t\t\t<\/span>\n\t\t\t\t\t<\/a>\n\t\t\t\t\t\t\t\t<\/div>\n\t\t\t\t\t<\/div>\n\t\t<\/div>\n\t\t\t\t\t<\/div>\n\t\t<\/section>\n\t\t<div class=\"elementor-element elementor-element-e5acc5d e-flex e-con-boxed e-con e-parent\" data-id=\"e5acc5d\" data-element_type=\"container\" data-e-type=\"container\">\n\t\t\t\t\t<div class=\"e-con-inner\">\n\t\t\t\t<div class=\"elementor-element elementor-element-d9df332 elementor-widget elementor-widget-heading\" data-id=\"d9df332\" data-element_type=\"widget\" data-e-type=\"widget\" data-widget_type=\"heading.default\">\n\t\t\t\t\t<h2 class=\"elementor-heading-title elementor-size-default\">Curriculum vitae<\/h2>\t\t\t\t<\/div>\n\t\t\t\t<div class=\"elementor-element elementor-element-52070da elementor-widget elementor-widget-text-editor\" data-id=\"52070da\" data-element_type=\"widget\" data-e-type=\"widget\" data-widget_type=\"text-editor.default\">\n\t\t\t\t\t\t\t\t\t<p>After graduating from high school, Mrs Weinberger studied human medicine at the Georgia Augusta University in G\u00f6ttingen from 2002 to 2009. She successfully completed her studies with the state examination and then returned home to Kassel.<\/p><p>Ms Weinberger completed her basic surgical training at the Elisabeth Hospital in Kassel in the Department of General and Trauma Surgery (chief physicians Dr Bermann and Dr Br\u00fcgemann). <br \/>In 2014, Ms Weinberger moved to the Department of Plastic Reconstructive, Aesthetic and Hand Surgery at Kassel Hospital under Professor Dr G.A. Giessler. Here she specialised in reconstructive microsurgery and hand surgery.<\/p><p>In 2016, Ms Weinberger moved to Noah at the DRK Kliniken Nordhessen (Head Physician Professor Dr Ernst Magnus) for the final stage of her specialist training as a plastic surgeon.<\/p><p>In 2017, Ms Weinberger successfully passed the examination to become a specialist in plastic and aesthetic surgery and continued her work at the Noahklinik as a senior consultant. In 2020, she obtained the additional qualification in hand surgery.<\/p><p>At the end of 2020, Mrs Weinberger moved to her own practice with a health insurance licence, among other things. At the same time, she was involved in setting up the Noahklinik in the new premises in Kurf\u00fcrstenstra\u00dfe as a purely private clinic.<\/p><p>Ms Weinberger is therefore one of the longest-serving members of the Noah Clinic team. Her areas of expertise include breast surgery, intimate surgery, body contouring procedures, and surgical and minimally invasive facial treatments.<\/p><p>Mrs Weinberger is married and the mother of three children. In her free time, she enjoys literature and running.<\/p>\t\t\t\t\t\t\t\t<\/div>\n\t\t\t\t\t<\/div>\n\t\t\t\t<\/div>\n\t\t<div class=\"elementor-element elementor-element-3669e41 e-flex e-con-boxed e-con e-parent\" data-id=\"3669e41\" data-element_type=\"container\" data-e-type=\"container\">\n\t\t\t\t\t<div class=\"e-con-inner\">\n\t\t\t\t<div class=\"elementor-element elementor-element-b64df73 elementor-widget elementor-widget-heading\" data-id=\"b64df73\" data-element_type=\"widget\" data-e-type=\"widget\" data-widget_type=\"heading.default\">\n\t\t\t\t\t<h2 class=\"elementor-heading-title elementor-size-default\">FOCAL POINTS OF TREATMENT<\/h2>\t\t\t\t<\/div>\n\t\t\t\t<div class=\"elementor-element elementor-element-74b371e elementor-widget elementor-widget-text-editor\" data-id=\"74b371e\" data-element_type=\"widget\" data-e-type=\"widget\" data-widget_type=\"text-editor.default\">\n\t\t\t\t\t\t\t\t\t<ul><li><a href=\"https:\/\/noahklinik.de\/en\/aesthetic-surgery\/intimate-surgery\/\">Intimate surgery<\/a><\/li><li><a href=\"https:\/\/noahklinik.de\/en\/breast-surgery\/\">Breast surgery<\/a><\/li><\/ul>\t\t\t\t\t\t\t\t<\/div>\n\t\t\t\t\t<\/div>\n\t\t\t\t<\/div>\n\t\t<div class=\"elementor-element elementor-element-e1e8d0d e-flex e-con-boxed e-con e-parent\" data-id=\"e1e8d0d\" data-element_type=\"container\" data-e-type=\"container\">\n\t\t\t\t\t<div class=\"e-con-inner\">\n\t\t\t\t<div class=\"elementor-element elementor-element-0d22c76 elementor-align-center elementor-widget elementor-widget-button\" data-id=\"0d22c76\" data-element_type=\"widget\" data-e-type=\"widget\" data-widget_type=\"button.default\">\n\t\t\t\t\t\t\t\t\t\t<a class=\"elementor-button elementor-button-link elementor-size-sm\" href=\"https:\/\/noahklinik.de\/en\/about-us\/online-appointment-booking\/online-appointment-booking-dr-weinberger\/\">\n\t\t\t\t\t\t<span class=\"elementor-button-content-wrapper\">\n\t\t\t\t\t\t\t\t\t<span class=\"elementor-button-text\">Book an appointment<\/span>\n\t\t\t\t\t<\/span>\n\t\t\t\t\t<\/a>\n\t\t\t\t\t\t\t\t<\/div>\n\t\t\t\t\t<\/div>\n\t\t\t\t<\/div>\n\t\t\t\t<\/div>","protected":false},"excerpt":{"rendered":"<p>Frau Katharina Weinberger Fach\u00e4rztin f\u00fcr Plastische, \u00c4sthetische und Rekonstruktive Chirurgie Termin buchen Lebenslauf Nach ihrem Abitur studierte Frau Weinberger an der Georgia Augusta Universit\u00e4t in G\u00f6ttingen von 2002 bis 2009 Humanmedizin. Sie schloss das Studium erfolgreich mit dem Staatsexamen ab und kehrte anschlie\u00dfend zur\u00fcck in die Heimat nach Kassel. Ihre chirurgische Grundausbildung absolvierte Frau Weinberger [&hellip;]<\/p>\n","protected":false},"author":6,"featured_media":4285,"parent":17541,"menu_order":0,"comment_status":"closed","ping_status":"closed","template":"","meta":{"footnotes":""},"class_list":["post-18361","page","type-page","status-publish","has-post-thumbnail","hentry"],"_links":{"self":[{"href":"https:\/\/noahklinik.de\/en\/wp-json\/wp\/v2\/pages\/18361","targetHints":{"allow":["GET"]}}],"collection":[{"href":"https:\/\/noahklinik.de\/en\/wp-json\/wp\/v2\/pages"}],"about":[{"href":"https:\/\/noahklinik.de\/en\/wp-json\/wp\/v2\/types\/page"}],"author":[{"embeddable":true,"href":"https:\/\/noahklinik.de\/en\/wp-json\/wp\/v2\/users\/6"}],"replies":[{"embeddable":true,"href":"https:\/\/noahklinik.de\/en\/wp-json\/wp\/v2\/comments?post=18361"}],"version-history":[{"count":0,"href":"https:\/\/noahklinik.de\/en\/wp-json\/wp\/v2\/pages\/18361\/revisions"}],"up":[{"embeddable":true,"href":"https:\/\/noahklinik.de\/en\/wp-json\/wp\/v2\/pages\/17541"}],"wp:featuredmedia":[{"embeddable":true,"href":"https:\/\/noahklinik.de\/en\/wp-json\/wp\/v2\/media\/4285"}],"wp:attachment":[{"href":"https:\/\/noahklinik.de\/en\/wp-json\/wp\/v2\/media?parent=18361"}],"curies":[{"name":"wp","href":"https:\/\/api.w.org\/{rel}","templated":true}]}}