{"id":17825,"date":"2025-09-01T19:19:17","date_gmt":"2025-09-01T17:19:17","guid":{"rendered":"https:\/\/noahklinik.de\/?page_id=17825"},"modified":"2025-10-14T09:14:09","modified_gmt":"2025-10-14T07:14:09","slug":"dr-med-sabine-schmatloch","status":"publish","type":"page","link":"https:\/\/noahklinik.de\/en\/ueber-uns\/unsere-fachaerzte\/dr-med-sabine-schmatloch\/","title":{"rendered":"Sabine Schmatloch, MD"},"content":{"rendered":"<div data-elementor-type=\"wp-page\" data-elementor-id=\"17825\" class=\"elementor elementor-17825\" data-elementor-post-type=\"page\">\n\t\t\t\t\t\t<section class=\"elementor-section elementor-top-section elementor-element elementor-element-ba01fe6 elementor-section-boxed elementor-section-height-default elementor-section-height-default\" data-id=\"ba01fe6\" data-element_type=\"section\" data-e-type=\"section\">\n\t\t\t\t\t\t<div class=\"elementor-container elementor-column-gap-default\">\n\t\t\t\t\t<div class=\"elementor-column elementor-col-100 elementor-top-column elementor-element elementor-element-e8224de\" data-id=\"e8224de\" data-element_type=\"column\" data-e-type=\"column\">\n\t\t\t<div class=\"elementor-widget-wrap elementor-element-populated\">\n\t\t\t\t\t\t<div class=\"elementor-element elementor-element-4444502 elementor-widget elementor-widget-heading\" data-id=\"4444502\" data-element_type=\"widget\" data-e-type=\"widget\" data-widget_type=\"heading.default\">\n\t\t\t\t\t<h1 class=\"elementor-heading-title elementor-size-default\">Sabine Schmatloch, MD<\/h1>\t\t\t\t<\/div>\n\t\t\t\t<div class=\"elementor-element elementor-element-52ff369 elementor-widget elementor-widget-image\" data-id=\"52ff369\" data-element_type=\"widget\" data-e-type=\"widget\" data-widget_type=\"image.default\">\n\t\t\t\t\t\t\t\t\t\t\t\t\t\t\t<img fetchpriority=\"high\" decoding=\"async\" width=\"300\" height=\"200\" src=\"https:\/\/noahklinik.de\/wp-content\/uploads\/2021\/06\/Sabine-300x200.jpg\" class=\"attachment-medium size-medium wp-image-4297\" alt=\"Sabine Schmatloch, MD\" srcset=\"https:\/\/noahklinik.de\/wp-content\/uploads\/2021\/06\/Sabine-300x200.jpg 300w, https:\/\/noahklinik.de\/wp-content\/uploads\/2021\/06\/Sabine.jpg 750w\" sizes=\"(max-width: 300px) 100vw, 300px\" \/>\t\t\t\t\t\t\t\t\t\t\t\t\t\t\t<\/div>\n\t\t\t\t<div class=\"elementor-element elementor-element-c5eea5f elementor-widget elementor-widget-text-editor\" data-id=\"c5eea5f\" data-element_type=\"widget\" data-e-type=\"widget\" data-widget_type=\"text-editor.default\">\n\t\t\t\t\t\t\t\t\t<p style=\"text-align: center;\">Specialist in gynaecology and obstetrics<br \/>Focus on gynaecological oncology<\/p>\t\t\t\t\t\t\t\t<\/div>\n\t\t\t\t<div class=\"elementor-element elementor-element-96067a4 elementor-align-center elementor-widget elementor-widget-button\" data-id=\"96067a4\" data-element_type=\"widget\" data-e-type=\"widget\" data-widget_type=\"button.default\">\n\t\t\t\t\t\t\t\t\t\t<a class=\"elementor-button elementor-button-link elementor-size-sm\" href=\"https:\/\/noahklinik.de\/en\/about-us\/online-appointment-booking\/online-appointment-booking-dr-schmatloch\/\">\n\t\t\t\t\t\t<span class=\"elementor-button-content-wrapper\">\n\t\t\t\t\t\t\t\t\t<span class=\"elementor-button-text\">Book an appointment<\/span>\n\t\t\t\t\t<\/span>\n\t\t\t\t\t<\/a>\n\t\t\t\t\t\t\t\t<\/div>\n\t\t\t\t\t<\/div>\n\t\t<\/div>\n\t\t\t\t\t<\/div>\n\t\t<\/section>\n\t\t<div class=\"elementor-element elementor-element-e5acc5d e-flex e-con-boxed e-con e-parent\" data-id=\"e5acc5d\" data-element_type=\"container\" data-e-type=\"container\">\n\t\t\t\t\t<div class=\"e-con-inner\">\n\t\t\t\t<div class=\"elementor-element elementor-element-7e18ac2 elementor-widget elementor-widget-text-editor\" data-id=\"7e18ac2\" data-element_type=\"widget\" data-e-type=\"widget\" data-widget_type=\"text-editor.default\">\n\t\t\t\t\t\t\t\t\t<p><strong>Dr Sabine Schmatloch<\/strong>\u00a0is a dedicated and highly qualified specialist in gynaecology with a focus on gynaecological oncology. After studying medicine at the Universities of W\u00fcrzburg and Regensburg, she completed her doctorate with an experimental thesis on the transcriptional regulation of topoisomerase II.<\/p><p>Her professional career has taken her through positions in Nuremberg and Kassel to her current position as Chief Physician of the Breast Centre at Elisabethkrankenhaus Kassel. She has led an interdisciplinary team there with great expertise and empathy since 2015. Her focus is on breast cancer diagnostics and therapy, supported by additional qualifications such as DEGUM I breast sonography and the management of certified breast centres. Dr Schmatloch is active in numerous specialist associations and is committed to modern, aesthetic reconstructive surgical procedures and international humanitarian projects.<\/p>\t\t\t\t\t\t\t\t<\/div>\n\t\t\t\t<div class=\"elementor-element elementor-element-d9df332 elementor-widget elementor-widget-heading\" data-id=\"d9df332\" data-element_type=\"widget\" data-e-type=\"widget\" data-widget_type=\"heading.default\">\n\t\t\t\t\t<h3 class=\"elementor-heading-title elementor-size-default\">Promotion<\/h3>\t\t\t\t<\/div>\n\t\t\t\t<div class=\"elementor-element elementor-element-52070da elementor-widget elementor-widget-text-editor\" data-id=\"52070da\" data-element_type=\"widget\" data-e-type=\"widget\" data-widget_type=\"text-editor.default\">\n\t\t\t\t\t\t\t\t\t<p><strong>08\/2001<\/strong> Transcriptional regulation of human topoisomerase II:<\/p><p style=\"padding-left: 40px;\">Proliferation-dependent expression and modification of the activating transcription factor NF - Y and functional <br \/>Meaning of CCAAT - Boxing in the promoter<br \/><br \/>Experimental work <br \/>Pathological Institute of the University, W\u00fcrzburg <br \/>Prof Dr H.H. Kreipe<\/p>\t\t\t\t\t\t\t\t<\/div>\n\t\t\t\t<div class=\"elementor-element elementor-element-aea6077 elementor-widget elementor-widget-heading\" data-id=\"aea6077\" data-element_type=\"widget\" data-e-type=\"widget\" data-widget_type=\"heading.default\">\n\t\t\t\t\t<h3 class=\"elementor-heading-title elementor-size-default\">Professional development<\/h3>\t\t\t\t<\/div>\n\t\t\t\t<div class=\"elementor-element elementor-element-c37c22f elementor-widget elementor-widget-tablepress-table\" data-id=\"c37c22f\" data-element_type=\"widget\" data-e-type=\"widget\" data-widget_type=\"tablepress-table.default\">\n\t\t\t\t\t\n<table id=\"tablepress-27\" class=\"tablepress tablepress-id-27\">\n<tbody class=\"row-striping row-hover\">\n<tr class=\"row-1\">\n\t<td class=\"column-1\">07\/98 - 12\/99<\/td><td class=\"column-2\">Internship doctor, Nuremberg South Clinic, Gynaecological Clinic II<\/td>\n<\/tr>\n<tr class=\"row-2\">\n\t<td class=\"column-1\">01\/00 - 02\/03<\/td><td class=\"column-2\">Assistant doctor, Gynaecological Clinic, Kassel Hospital<\/td>\n<\/tr>\n<tr class=\"row-3\">\n\t<td class=\"column-1\">10\/03<\/td><td class=\"column-2\">Specialist examination<\/td>\n<\/tr>\n<tr class=\"row-4\">\n\t<td class=\"column-1\">03\/03 - 12\/11<\/td><td class=\"column-2\">Senior Physician, Gynaecological Clinic, Kassel Hospital<br \/>\nAuthorisation for breast consultation ( 2009 to 2011 )<br \/>\nAuthorisation for mammography screening<br \/>\nDEGUM I breast sonography<\/td>\n<\/tr>\n<tr class=\"row-5\">\n\t<td class=\"column-1\">since 2010<\/td><td class=\"column-2\">Head of Breast Centre IBZ Women's Clinic Kassel Hospital<\/td>\n<\/tr>\n<tr class=\"row-6\">\n\t<td class=\"column-1\">05\/11<\/td><td class=\"column-2\">Examination for the specialisation in Gyn. Oncology<\/td>\n<\/tr>\n<tr class=\"row-7\">\n\t<td class=\"column-1\">since 01\/12<\/td><td class=\"column-2\">Senior physician at the Elisabeth Hospital Breast Centre in Kassel<\/td>\n<\/tr>\n<tr class=\"row-8\">\n\t<td class=\"column-1\">from 07\/15<\/td><td class=\"column-2\">Chief Physician Breast Centre Elisabeth Hospital Kassel<\/td>\n<\/tr>\n<\/tbody>\n<\/table>\n<!-- #tablepress-27 from cache -->\t\t\t\t<\/div>\n\t\t\t\t<div class=\"elementor-element elementor-element-e0c946d elementor-widget elementor-widget-heading\" data-id=\"e0c946d\" data-element_type=\"widget\" data-e-type=\"widget\" data-widget_type=\"heading.default\">\n\t\t\t\t\t<h3 class=\"elementor-heading-title elementor-size-default\">Memberships<\/h3>\t\t\t\t<\/div>\n\t\t\t\t<div class=\"elementor-element elementor-element-37b865f elementor-widget elementor-widget-text-editor\" data-id=\"37b865f\" data-element_type=\"widget\" data-e-type=\"widget\" data-widget_type=\"text-editor.default\">\n\t\t\t\t\t\t\t\t\t<ul><li><a href=\"https:\/\/www.dggg.de\/\" target=\"_blank\" rel=\"noopener\">German Society for Gynaecology and Obstetrics DGGG<\/a><\/li><li style=\"padding-top: 15px;\"><a href=\"https:\/\/www.senologie.org\/\" target=\"_blank\" rel=\"noopener\">German Society for Senology DGS<\/a><\/li><li style=\"padding-top: 15px;\"><a href=\"https:\/\/www.awogyn.de\/\" target=\"_blank\" rel=\"noopener\">Working group for aesthetic, plastic and reconstructive surgical procedures in gynaecology AWO<\/a><\/li><li style=\"padding-top: 15px;\"><a href=\"https:\/\/www.degum.de\/\" target=\"_blank\" rel=\"noopener\">German Society for Ultrasound in Medicine DEGUM<\/a><\/li><li style=\"padding-top: 15px;\">GBG, adjuvant subboard<\/li><li style=\"padding-top: 15px;\"><a href=\"https:\/\/vlk-online.de\/\" target=\"_blank\" rel=\"noopener\">Association of Senior Hospital Physicians<\/a><\/li><li style=\"padding-top: 15px;\"><a href=\"https:\/\/interplast-germany.de\/\" target=\"_blank\" rel=\"noopener\">Interplast<\/a><\/li><\/ul>\t\t\t\t\t\t\t\t<\/div>\n\t\t\t\t\t<\/div>\n\t\t\t\t<\/div>\n\t\t<div class=\"elementor-element elementor-element-e1e8d0d e-flex e-con-boxed e-con e-parent\" data-id=\"e1e8d0d\" data-element_type=\"container\" data-e-type=\"container\">\n\t\t\t\t\t<div class=\"e-con-inner\">\n\t\t\t\t<div class=\"elementor-element elementor-element-0d22c76 elementor-align-center elementor-widget elementor-widget-button\" data-id=\"0d22c76\" data-element_type=\"widget\" data-e-type=\"widget\" data-widget_type=\"button.default\">\n\t\t\t\t\t\t\t\t\t\t<a class=\"elementor-button elementor-button-link elementor-size-sm\" href=\"https:\/\/noahklinik.de\/en\/about-us\/online-appointment-booking\/online-appointment-booking-dr-schmatloch\/\">\n\t\t\t\t\t\t<span class=\"elementor-button-content-wrapper\">\n\t\t\t\t\t\t\t\t\t<span class=\"elementor-button-text\">Book an appointment<\/span>\n\t\t\t\t\t<\/span>\n\t\t\t\t\t<\/a>\n\t\t\t\t\t\t\t\t<\/div>\n\t\t\t\t\t<\/div>\n\t\t\t\t<\/div>\n\t\t\t\t<\/div>","protected":false},"excerpt":{"rendered":"<p>Dr. med. Sabine Schmatloch Fach\u00e4rztin f\u00fcr Gyn\u00e4kologie und Geburtshilfe Schwerpunkt gyn\u00e4kologische Onkologie Termin buchen Dr. Sabine Schmatloch\u00a0ist eine engagierte und hochqualifizierte Fach\u00e4rztin f\u00fcr Gyn\u00e4kologie mit dem Schwerpunkt gyn\u00e4kologische Onkologie. Nach ihrem Medizinstudium an den Universit\u00e4ten W\u00fcrzburg und Regensburg promovierte sie mit einer experimentellen Arbeit zur transkriptionellen Regulation der Topoisomerase II. Ihre berufliche Laufbahn f\u00fchrte sie [&hellip;]<\/p>\n","protected":false},"author":6,"featured_media":4297,"parent":17541,"menu_order":0,"comment_status":"closed","ping_status":"closed","template":"","meta":{"footnotes":""},"class_list":["post-17825","page","type-page","status-publish","has-post-thumbnail","hentry"],"_links":{"self":[{"href":"https:\/\/noahklinik.de\/en\/wp-json\/wp\/v2\/pages\/17825","targetHints":{"allow":["GET"]}}],"collection":[{"href":"https:\/\/noahklinik.de\/en\/wp-json\/wp\/v2\/pages"}],"about":[{"href":"https:\/\/noahklinik.de\/en\/wp-json\/wp\/v2\/types\/page"}],"author":[{"embeddable":true,"href":"https:\/\/noahklinik.de\/en\/wp-json\/wp\/v2\/users\/6"}],"replies":[{"embeddable":true,"href":"https:\/\/noahklinik.de\/en\/wp-json\/wp\/v2\/comments?post=17825"}],"version-history":[{"count":0,"href":"https:\/\/noahklinik.de\/en\/wp-json\/wp\/v2\/pages\/17825\/revisions"}],"up":[{"embeddable":true,"href":"https:\/\/noahklinik.de\/en\/wp-json\/wp\/v2\/pages\/17541"}],"wp:featuredmedia":[{"embeddable":true,"href":"https:\/\/noahklinik.de\/en\/wp-json\/wp\/v2\/media\/4297"}],"wp:attachment":[{"href":"https:\/\/noahklinik.de\/en\/wp-json\/wp\/v2\/media?parent=17825"}],"curies":[{"name":"wp","href":"https:\/\/api.w.org\/{rel}","templated":true}]}}