{"id":17571,"date":"2025-07-17T11:20:18","date_gmt":"2025-07-17T09:20:18","guid":{"rendered":"https:\/\/noahklinik.de\/?page_id=17571"},"modified":"2025-10-14T09:13:28","modified_gmt":"2025-10-14T07:13:28","slug":"dr-med-karin-leonhaeuser","status":"publish","type":"page","link":"https:\/\/noahklinik.de\/en\/ueber-uns\/unsere-fachaerzte\/dr-med-karin-leonhaeuser\/","title":{"rendered":"Dr Karin Leonh\u00e4user"},"content":{"rendered":"<div data-elementor-type=\"wp-page\" data-elementor-id=\"17571\" class=\"elementor elementor-17571\" data-elementor-post-type=\"page\">\n\t\t\t\t\t\t<section class=\"elementor-section elementor-top-section elementor-element elementor-element-ba01fe6 elementor-section-boxed elementor-section-height-default elementor-section-height-default\" data-id=\"ba01fe6\" data-element_type=\"section\" data-e-type=\"section\">\n\t\t\t\t\t\t<div class=\"elementor-container elementor-column-gap-default\">\n\t\t\t\t\t<div class=\"elementor-column elementor-col-100 elementor-top-column elementor-element elementor-element-e8224de\" data-id=\"e8224de\" data-element_type=\"column\" data-e-type=\"column\">\n\t\t\t<div class=\"elementor-widget-wrap elementor-element-populated\">\n\t\t\t\t\t\t<div class=\"elementor-element elementor-element-4444502 elementor-widget elementor-widget-heading\" data-id=\"4444502\" data-element_type=\"widget\" data-e-type=\"widget\" data-widget_type=\"heading.default\">\n\t\t\t\t\t<h1 class=\"elementor-heading-title elementor-size-default\">Dr Karin Leonh\u00e4user<\/h1>\t\t\t\t<\/div>\n\t\t\t\t<div class=\"elementor-element elementor-element-52ff369 elementor-widget elementor-widget-image\" data-id=\"52ff369\" data-element_type=\"widget\" data-e-type=\"widget\" data-widget_type=\"image.default\">\n\t\t\t\t\t\t\t\t\t\t\t\t\t\t\t<img wpfc-lazyload-disable=\"true\" fetchpriority=\"high\" decoding=\"async\" width=\"768\" height=\"512\" src=\"https:\/\/noahklinik.de\/wp-content\/uploads\/2024\/11\/leonhaeuser-9-768x512.avif\" class=\"attachment-medium_large size-medium_large wp-image-15713\" alt=\"leonhaeuser-9\" srcset=\"https:\/\/noahklinik.de\/wp-content\/uploads\/2024\/11\/leonhaeuser-9-768x512.avif 768w, https:\/\/noahklinik.de\/wp-content\/uploads\/2024\/11\/leonhaeuser-9-300x200.avif 300w, https:\/\/noahklinik.de\/wp-content\/uploads\/2024\/11\/leonhaeuser-9-1024x682.avif 1024w, https:\/\/noahklinik.de\/wp-content\/uploads\/2024\/11\/leonhaeuser-9-1536x1024.avif 1536w, https:\/\/noahklinik.de\/wp-content\/uploads\/2024\/11\/leonhaeuser-9-18x12.avif 18w, https:\/\/noahklinik.de\/wp-content\/uploads\/2024\/11\/leonhaeuser-9.avif 1772w\" sizes=\"(max-width: 768px) 100vw, 768px\" \/>\t\t\t\t\t\t\t\t\t\t\t\t\t\t\t<\/div>\n\t\t\t\t<div class=\"elementor-element elementor-element-c5eea5f elementor-widget elementor-widget-text-editor\" data-id=\"c5eea5f\" data-element_type=\"widget\" data-e-type=\"widget\" data-widget_type=\"text-editor.default\">\n\t\t\t\t\t\t\t\t\t<p style=\"text-align: center;\">Specialist in ear, nose and throat medicine<\/p>\t\t\t\t\t\t\t\t<\/div>\n\t\t\t\t<div class=\"elementor-element elementor-element-96067a4 elementor-align-center elementor-widget elementor-widget-button\" data-id=\"96067a4\" data-element_type=\"widget\" data-e-type=\"widget\" data-widget_type=\"button.default\">\n\t\t\t\t\t\t\t\t\t\t<a class=\"elementor-button elementor-button-link elementor-size-sm\" href=\"https:\/\/noahklinik.de\/en\/about-us\/online-appointment-booking\/online-appointment-booking-dr-leonhaeuser\/\">\n\t\t\t\t\t\t<span class=\"elementor-button-content-wrapper\">\n\t\t\t\t\t\t\t\t\t<span class=\"elementor-button-text\">Book an appointment<\/span>\n\t\t\t\t\t<\/span>\n\t\t\t\t\t<\/a>\n\t\t\t\t\t\t\t\t<\/div>\n\t\t\t\t\t<\/div>\n\t\t<\/div>\n\t\t\t\t\t<\/div>\n\t\t<\/section>\n\t\t<div class=\"elementor-element elementor-element-e5acc5d e-flex e-con-boxed e-con e-parent\" data-id=\"e5acc5d\" data-element_type=\"container\" data-e-type=\"container\">\n\t\t\t\t\t<div class=\"e-con-inner\">\n\t\t\t\t<div class=\"elementor-element elementor-element-7e18ac2 elementor-widget elementor-widget-text-editor\" data-id=\"7e18ac2\" data-element_type=\"widget\" data-e-type=\"widget\" data-widget_type=\"text-editor.default\">\n\t\t\t\t\t\t\t\t\t<h2><strong>Dr Karin Leonh\u00e4user - A life for medicine<\/strong><\/h2><p>Born on 19 May 1967 in Fulda and raised in tranquil Oberrode, a small town with just 500 inhabitants, Dr Karin Leonh\u00e4user developed a clear vision for her life at an early age: At the age of just four, she decided to become a doctor - a decision that would accompany her throughout her life with passion and determination.<\/p><p>After graduating from high school in 1986, she completed a voluntary social year in Hephata before gaining her first international experience: In Springfield, Illinois, she interned as a \"premed student\" at St John's Hospital, where she gained insights into pathology as well as visceral and cardiac surgery. In the winter semester of 1988\/89, she began her medical studies in Marburg, which she enriched with numerous clinical placements - including six months in Pondicherry, India, where she worked in a Medical Healthcare Centre, a leprosy clinic and an ENT clinic.<\/p><p>Further stations took her to Russia (paediatric surgery in Yaroslavl), Austria (visceral surgery at the Kaiser Franz Josef Hospital in Vienna) and back to Fulda (internal medicine at the Herz Jesu Hospital and several clinical traineeships with Prof. Draf at the ENT Clinic). She financed her practical training by working nights at the paediatric clinic in Marburg and the ENT clinic in Fulda.<\/p>\t\t\t\t\t\t\t\t<\/div>\n\t\t\t\t<div class=\"elementor-element elementor-element-d9df332 elementor-widget elementor-widget-heading\" data-id=\"d9df332\" data-element_type=\"widget\" data-e-type=\"widget\" data-widget_type=\"heading.default\">\n\t\t\t\t\t<h3 class=\"elementor-heading-title elementor-size-default\">Promotion<\/h3>\t\t\t\t<\/div>\n\t\t\t\t<div class=\"elementor-element elementor-element-52070da elementor-widget elementor-widget-text-editor\" data-id=\"52070da\" data-element_type=\"widget\" data-e-type=\"widget\" data-widget_type=\"text-editor.default\">\n\t\t\t\t\t\t\t\t\t<p style=\"padding-left: 40px;\">She successfully completed her doctorate under Prof Draf in Fulda in 1996. After passing her state examination in Kassel in 1994, she worked in the trauma surgery department at Kassel Hospital and in general surgery at the Red Cross Hospital in Kassel - at that time still as an AIP.<\/p>\t\t\t\t\t\t\t\t<\/div>\n\t\t\t\t<div class=\"elementor-element elementor-element-cc5e4bb elementor-widget elementor-widget-heading\" data-id=\"cc5e4bb\" data-element_type=\"widget\" data-e-type=\"widget\" data-widget_type=\"heading.default\">\n\t\t\t\t\t<h3 class=\"elementor-heading-title elementor-size-default\">Specialist training<\/h3>\t\t\t\t<\/div>\n\t\t\t\t<div class=\"elementor-element elementor-element-e488019 elementor-widget elementor-widget-text-editor\" data-id=\"e488019\" data-element_type=\"widget\" data-e-type=\"widget\" data-widget_type=\"text-editor.default\">\n\t\t\t\t\t\t\t\t\t<p style=\"padding-left: 40px;\">In 1997, she began her specialist training at the ENT clinic in Kassel, where she was promoted to senior consultant after passing her exams. In November 2002, she became the mother of a daughter - a new phase in her life, which she mastered with just as much dedication as her professional challenges.<\/p>\t\t\t\t\t\t\t\t<\/div>\n\t\t\t\t<div class=\"elementor-element elementor-element-aea6077 elementor-widget elementor-widget-heading\" data-id=\"aea6077\" data-element_type=\"widget\" data-e-type=\"widget\" data-widget_type=\"heading.default\">\n\t\t\t\t\t<h3 class=\"elementor-heading-title elementor-size-default\">Professional development<\/h3>\t\t\t\t<\/div>\n\t\t\t\t<div class=\"elementor-element elementor-element-bfc3792 elementor-widget elementor-widget-text-editor\" data-id=\"bfc3792\" data-element_type=\"widget\" data-e-type=\"widget\" data-widget_type=\"text-editor.default\">\n\t\t\t\t\t\t\t\t\t<p style=\"padding-left: 40px;\">On 1 February 2004, she ventured into self-employment with her own practice and beds at the Red Cross Hospital in Kassel, where she has worked closely with Prof. Noah ever since. After more than two decades of successful work, she gave up her self-employment on 30 June 2025.<\/p><p style=\"padding-left: 40px;\">Since 1 November 2024, Dr Leonh\u00e4user has been working as a prison doctor at Kassel Prison's central hospital - a challenging position in which she is responsible for all medical areas and continues to contribute her expertise in the ENT consultation.\u00a0<\/p><p style=\"padding-left: 40px;\">The collaboration with Prof Noah will continue.<\/p>\t\t\t\t\t\t\t\t<\/div>\n\t\t\t\t<div class=\"elementor-element elementor-element-dc2ba51 elementor-widget elementor-widget-heading\" data-id=\"dc2ba51\" data-element_type=\"widget\" data-e-type=\"widget\" data-widget_type=\"heading.default\">\n\t\t\t\t\t<h3 class=\"elementor-heading-title elementor-size-default\">Hobbies - Privately committed, close to nature and full of energy<\/h3>\t\t\t\t<\/div>\n\t\t\t\t<div class=\"elementor-element elementor-element-99e2349 elementor-widget elementor-widget-text-editor\" data-id=\"99e2349\" data-element_type=\"widget\" data-e-type=\"widget\" data-widget_type=\"text-editor.default\">\n\t\t\t\t\t\t\t\t\t<p style=\"padding-left: 40px;\">Dr Karin Leonh\u00e4user is also passionate and energetic outside of medicine. As an enthusiastic opera lover, she finds creative fulfilment both in the auditorium and actively on stage as an extra. The combination of music, expression and community is a valuable addition to her everyday medical life.<\/p><p style=\"padding-left: 40px;\">Her heart also beats for the forest: as a forest farmer certified and recognised by Hessen Forst, she is dedicated to sustainable forest management. Her favourite activity? Working with a chainsaw - whether sawing firewood or doing smaller felling jobs, this is where she finds balance and grounding.<\/p><p style=\"padding-left: 40px;\">She is also a member of the church council and is actively involved in community life. And when it comes to travelling through the countryside on two wheels, she enjoys the freedom and dynamism of motorcycling - another example of her versatility and zest for life.<\/p>\t\t\t\t\t\t\t\t<\/div>\n\t\t\t\t\t<\/div>\n\t\t\t\t<\/div>\n\t\t<div class=\"elementor-element elementor-element-e1e8d0d e-flex e-con-boxed e-con e-parent\" data-id=\"e1e8d0d\" data-element_type=\"container\" data-e-type=\"container\">\n\t\t\t\t\t<div class=\"e-con-inner\">\n\t\t\t\t<div class=\"elementor-element elementor-element-0d22c76 elementor-align-center elementor-widget elementor-widget-button\" data-id=\"0d22c76\" data-element_type=\"widget\" data-e-type=\"widget\" data-widget_type=\"button.default\">\n\t\t\t\t\t\t\t\t\t\t<a class=\"elementor-button elementor-button-link elementor-size-sm\" href=\"https:\/\/noahklinik.de\/en\/about-us\/online-appointment-booking\/online-appointment-booking-dr-leonhaeuser\/\">\n\t\t\t\t\t\t<span class=\"elementor-button-content-wrapper\">\n\t\t\t\t\t\t\t\t\t<span class=\"elementor-button-text\">Book an appointment<\/span>\n\t\t\t\t\t<\/span>\n\t\t\t\t\t<\/a>\n\t\t\t\t\t\t\t\t<\/div>\n\t\t\t\t\t<\/div>\n\t\t\t\t<\/div>\n\t\t<div class=\"elementor-element elementor-element-8aebfcd e-flex e-con-boxed e-con e-parent\" data-id=\"8aebfcd\" data-element_type=\"container\" data-e-type=\"container\">\n\t\t\t\t\t<div class=\"e-con-inner\">\n\t\t\t\t<div class=\"elementor-element elementor-element-ef30cc5 elementor-widget elementor-widget-heading\" data-id=\"ef30cc5\" data-element_type=\"widget\" data-e-type=\"widget\" data-widget_type=\"heading.default\">\n\t\t\t\t\t<h2 class=\"elementor-heading-title elementor-size-default\">Impressions of the work of Dr Leonh\u00e4user<\/h2>\t\t\t\t<\/div>\n\t\t\t\t<div class=\"elementor-element elementor-element-bb0ef7f elementor-widget elementor-widget-gallery\" data-id=\"bb0ef7f\" data-element_type=\"widget\" data-e-type=\"widget\" data-settings=\"{&quot;lazyload&quot;:&quot;yes&quot;,&quot;gallery_layout&quot;:&quot;grid&quot;,&quot;columns&quot;:4,&quot;columns_tablet&quot;:2,&quot;columns_mobile&quot;:1,&quot;gap&quot;:{&quot;unit&quot;:&quot;px&quot;,&quot;size&quot;:10,&quot;sizes&quot;:[]},&quot;gap_tablet&quot;:{&quot;unit&quot;:&quot;px&quot;,&quot;size&quot;:10,&quot;sizes&quot;:[]},&quot;gap_mobile&quot;:{&quot;unit&quot;:&quot;px&quot;,&quot;size&quot;:10,&quot;sizes&quot;:[]},&quot;link_to&quot;:&quot;file&quot;,&quot;aspect_ratio&quot;:&quot;3:2&quot;,&quot;overlay_background&quot;:&quot;yes&quot;,&quot;content_hover_animation&quot;:&quot;fade-in&quot;}\" data-widget_type=\"gallery.default\">\n\t\t\t\t\t\t\t<div class=\"elementor-gallery__container\">\n\t\t\t\t\t\t\t<a class=\"e-gallery-item elementor-gallery-item elementor-animated-content\" href=\"https:\/\/noahklinik.de\/wp-content\/uploads\/2024\/11\/leonhaeuser-5.avif\" data-elementor-open-lightbox=\"yes\" data-elementor-lightbox-slideshow=\"bb0ef7f\" data-elementor-lightbox-title=\"leonhaeuser-5\" data-e-action-hash=\"#elementor-action%3Aaction%3Dlightbox%26settings%3DeyJpZCI6MTU3MTcsInVybCI6Imh0dHBzOlwvXC9ub2Foa2xpbmlrLmRlXC93cC1jb250ZW50XC91cGxvYWRzXC8yMDI0XC8xMVwvbGVvbmhhZXVzZXItNS5hdmlmIiwic2xpZGVzaG93IjoiYmIwZWY3ZiJ9\">\n\t\t\t\t\t<div class=\"e-gallery-image elementor-gallery-item__image\" data-thumbnail=\"https:\/\/noahklinik.de\/wp-content\/uploads\/2024\/11\/leonhaeuser-5-300x200.avif\" data-width=\"300\" data-height=\"200\" aria-label=\"\" role=\"img\" ><\/div>\n\t\t\t\t\t\t\t\t\t\t\t<div class=\"elementor-gallery-item__overlay\"><\/div>\n\t\t\t\t\t\t\t\t\t\t\t\t\t\t<\/a>\n\t\t\t\t\t\t\t<a class=\"e-gallery-item elementor-gallery-item elementor-animated-content\" href=\"https:\/\/noahklinik.de\/wp-content\/uploads\/2024\/11\/leonhaeuser-3.avif\" data-elementor-open-lightbox=\"yes\" data-elementor-lightbox-slideshow=\"bb0ef7f\" data-elementor-lightbox-title=\"leonhaeuser-3\" data-e-action-hash=\"#elementor-action%3Aaction%3Dlightbox%26settings%3DeyJpZCI6MTU3MTksInVybCI6Imh0dHBzOlwvXC9ub2Foa2xpbmlrLmRlXC93cC1jb250ZW50XC91cGxvYWRzXC8yMDI0XC8xMVwvbGVvbmhhZXVzZXItMy5hdmlmIiwic2xpZGVzaG93IjoiYmIwZWY3ZiJ9\">\n\t\t\t\t\t<div class=\"e-gallery-image elementor-gallery-item__image\" data-thumbnail=\"https:\/\/noahklinik.de\/wp-content\/uploads\/2024\/11\/leonhaeuser-3-300x200.avif\" data-width=\"300\" data-height=\"200\" aria-label=\"\" role=\"img\" ><\/div>\n\t\t\t\t\t\t\t\t\t\t\t<div class=\"elementor-gallery-item__overlay\"><\/div>\n\t\t\t\t\t\t\t\t\t\t\t\t\t\t<\/a>\n\t\t\t\t\t\t\t<a class=\"e-gallery-item elementor-gallery-item elementor-animated-content\" href=\"https:\/\/noahklinik.de\/wp-content\/uploads\/2024\/11\/loenhaeuser-1.avif\" data-elementor-open-lightbox=\"yes\" data-elementor-lightbox-slideshow=\"bb0ef7f\" data-elementor-lightbox-title=\"loenhaeuser-1\" data-e-action-hash=\"#elementor-action%3Aaction%3Dlightbox%26settings%3DeyJpZCI6MTU3MjEsInVybCI6Imh0dHBzOlwvXC9ub2Foa2xpbmlrLmRlXC93cC1jb250ZW50XC91cGxvYWRzXC8yMDI0XC8xMVwvbG9lbmhhZXVzZXItMS5hdmlmIiwic2xpZGVzaG93IjoiYmIwZWY3ZiJ9\">\n\t\t\t\t\t<div class=\"e-gallery-image elementor-gallery-item__image\" data-thumbnail=\"https:\/\/noahklinik.de\/wp-content\/uploads\/2024\/11\/loenhaeuser-1-216x300.avif\" data-width=\"216\" data-height=\"300\" aria-label=\"\" role=\"img\" ><\/div>\n\t\t\t\t\t\t\t\t\t\t\t<div class=\"elementor-gallery-item__overlay\"><\/div>\n\t\t\t\t\t\t\t\t\t\t\t\t\t\t<\/a>\n\t\t\t\t\t\t\t<a class=\"e-gallery-item elementor-gallery-item elementor-animated-content\" href=\"https:\/\/noahklinik.de\/wp-content\/uploads\/2024\/11\/leonhaeuser-7.avif\" data-elementor-open-lightbox=\"yes\" data-elementor-lightbox-slideshow=\"bb0ef7f\" data-elementor-lightbox-title=\"leonhaeuser-7\" data-e-action-hash=\"#elementor-action%3Aaction%3Dlightbox%26settings%3DeyJpZCI6MTU3MTUsInVybCI6Imh0dHBzOlwvXC9ub2Foa2xpbmlrLmRlXC93cC1jb250ZW50XC91cGxvYWRzXC8yMDI0XC8xMVwvbGVvbmhhZXVzZXItNy5hdmlmIiwic2xpZGVzaG93IjoiYmIwZWY3ZiJ9\">\n\t\t\t\t\t<div class=\"e-gallery-image elementor-gallery-item__image\" data-thumbnail=\"https:\/\/noahklinik.de\/wp-content\/uploads\/2024\/11\/leonhaeuser-7-200x300.avif\" data-width=\"200\" data-height=\"300\" aria-label=\"\" role=\"img\" ><\/div>\n\t\t\t\t\t\t\t\t\t\t\t<div class=\"elementor-gallery-item__overlay\"><\/div>\n\t\t\t\t\t\t\t\t\t\t\t\t\t\t<\/a>\n\t\t\t\t\t\t\t<a class=\"e-gallery-item elementor-gallery-item elementor-animated-content\" href=\"https:\/\/noahklinik.de\/wp-content\/uploads\/2024\/11\/leonhaeuser-11.avif\" data-elementor-open-lightbox=\"yes\" data-elementor-lightbox-slideshow=\"bb0ef7f\" data-elementor-lightbox-title=\"leonhaeuser-11\" data-e-action-hash=\"#elementor-action%3Aaction%3Dlightbox%26settings%3DeyJpZCI6MTU3MTEsInVybCI6Imh0dHBzOlwvXC9ub2Foa2xpbmlrLmRlXC93cC1jb250ZW50XC91cGxvYWRzXC8yMDI0XC8xMVwvbGVvbmhhZXVzZXItMTEuYXZpZiIsInNsaWRlc2hvdyI6ImJiMGVmN2YifQ%3D%3D\">\n\t\t\t\t\t<div class=\"e-gallery-image elementor-gallery-item__image\" data-thumbnail=\"https:\/\/noahklinik.de\/wp-content\/uploads\/2024\/11\/leonhaeuser-11-300x200.avif\" data-width=\"300\" data-height=\"200\" aria-label=\"\" role=\"img\" ><\/div>\n\t\t\t\t\t\t\t\t\t\t\t<div class=\"elementor-gallery-item__overlay\"><\/div>\n\t\t\t\t\t\t\t\t\t\t\t\t\t\t<\/a>\n\t\t\t\t\t\t\t<a class=\"e-gallery-item elementor-gallery-item elementor-animated-content\" href=\"https:\/\/noahklinik.de\/wp-content\/uploads\/2024\/11\/leonhaeuser-14.avif\" data-elementor-open-lightbox=\"yes\" data-elementor-lightbox-slideshow=\"bb0ef7f\" data-elementor-lightbox-title=\"leonhaeuser-14\" data-e-action-hash=\"#elementor-action%3Aaction%3Dlightbox%26settings%3DeyJpZCI6MTU3MDgsInVybCI6Imh0dHBzOlwvXC9ub2Foa2xpbmlrLmRlXC93cC1jb250ZW50XC91cGxvYWRzXC8yMDI0XC8xMVwvbGVvbmhhZXVzZXItMTQuYXZpZiIsInNsaWRlc2hvdyI6ImJiMGVmN2YifQ%3D%3D\">\n\t\t\t\t\t<div class=\"e-gallery-image elementor-gallery-item__image\" data-thumbnail=\"https:\/\/noahklinik.de\/wp-content\/uploads\/2024\/11\/leonhaeuser-14-216x300.avif\" data-width=\"216\" data-height=\"300\" aria-label=\"\" role=\"img\" ><\/div>\n\t\t\t\t\t\t\t\t\t\t\t<div class=\"elementor-gallery-item__overlay\"><\/div>\n\t\t\t\t\t\t\t\t\t\t\t\t\t\t<\/a>\n\t\t\t\t\t\t\t<a class=\"e-gallery-item elementor-gallery-item elementor-animated-content\" href=\"https:\/\/noahklinik.de\/wp-content\/uploads\/2024\/11\/leonhaeuser-13.avif\" data-elementor-open-lightbox=\"yes\" data-elementor-lightbox-slideshow=\"bb0ef7f\" data-elementor-lightbox-title=\"Dr. Karin Leonh\u00e4user\" data-elementor-lightbox-description=\"Fach\u00e4rztin f\u00fcr Hals-Nasen-Ohrenheilkunde \" data-e-action-hash=\"#elementor-action%3Aaction%3Dlightbox%26settings%3DeyJpZCI6MTU3MDksInVybCI6Imh0dHBzOlwvXC9ub2Foa2xpbmlrLmRlXC93cC1jb250ZW50XC91cGxvYWRzXC8yMDI0XC8xMVwvbGVvbmhhZXVzZXItMTMuYXZpZiIsInNsaWRlc2hvdyI6ImJiMGVmN2YifQ%3D%3D\">\n\t\t\t\t\t<div class=\"e-gallery-image elementor-gallery-item__image\" data-thumbnail=\"https:\/\/noahklinik.de\/wp-content\/uploads\/2024\/11\/leonhaeuser-13-300x269.avif\" data-width=\"300\" data-height=\"269\" aria-label=\"Dr Karin Leonh\u00e4user\" role=\"img\" ><\/div>\n\t\t\t\t\t\t\t\t\t\t\t<div class=\"elementor-gallery-item__overlay\"><\/div>\n\t\t\t\t\t\t\t\t\t\t\t\t\t\t<\/a>\n\t\t\t\t\t<\/div>\n\t\t\t\t\t<\/div>\n\t\t\t\t\t<\/div>\n\t\t\t\t<\/div>\n\t\t\t\t<\/div>","protected":false},"excerpt":{"rendered":"<p>Dr. med. Karin Leonh\u00e4user Fach\u00e4rztin f\u00fcr Hals-Nasen-Ohrenheilkunde Termin buchen Dr. Karin Leonh\u00e4user \u2013 Ein Leben f\u00fcr die Medizin Geboren am 19. Mai 1967 in Fulda und aufgewachsen im beschaulichen Oberrode, einem kleinen Ort mit gerade einmal 500 Einwohnern, entwickelte Dr. Karin Leonh\u00e4user schon fr\u00fch eine klare Vision f\u00fcr ihr Leben: Im Alter von nur vier [&hellip;]<\/p>\n","protected":false},"author":6,"featured_media":15713,"parent":17541,"menu_order":0,"comment_status":"closed","ping_status":"closed","template":"","meta":{"footnotes":""},"class_list":["post-17571","page","type-page","status-publish","has-post-thumbnail","hentry"],"_links":{"self":[{"href":"https:\/\/noahklinik.de\/en\/wp-json\/wp\/v2\/pages\/17571","targetHints":{"allow":["GET"]}}],"collection":[{"href":"https:\/\/noahklinik.de\/en\/wp-json\/wp\/v2\/pages"}],"about":[{"href":"https:\/\/noahklinik.de\/en\/wp-json\/wp\/v2\/types\/page"}],"author":[{"embeddable":true,"href":"https:\/\/noahklinik.de\/en\/wp-json\/wp\/v2\/users\/6"}],"replies":[{"embeddable":true,"href":"https:\/\/noahklinik.de\/en\/wp-json\/wp\/v2\/comments?post=17571"}],"version-history":[{"count":0,"href":"https:\/\/noahklinik.de\/en\/wp-json\/wp\/v2\/pages\/17571\/revisions"}],"up":[{"embeddable":true,"href":"https:\/\/noahklinik.de\/en\/wp-json\/wp\/v2\/pages\/17541"}],"wp:featuredmedia":[{"embeddable":true,"href":"https:\/\/noahklinik.de\/en\/wp-json\/wp\/v2\/media\/15713"}],"wp:attachment":[{"href":"https:\/\/noahklinik.de\/en\/wp-json\/wp\/v2\/media?parent=17571"}],"curies":[{"name":"wp","href":"https:\/\/api.w.org\/{rel}","templated":true}]}}