{"id":16836,"date":"2025-05-06T14:14:49","date_gmt":"2025-05-06T12:14:49","guid":{"rendered":"https:\/\/noahklinik.de\/?page_id=16836"},"modified":"2026-03-22T07:54:38","modified_gmt":"2026-03-22T06:54:38","slug":"online-appointment-booking-by-specialist","status":"publish","type":"page","link":"https:\/\/noahklinik.de\/en\/ueber-uns\/online-terminbuchung\/online-terminbuchung-nach-facharzt\/","title":{"rendered":"Online appointment booking by specialist"},"content":{"rendered":"<div data-elementor-type=\"wp-page\" data-elementor-id=\"16836\" class=\"elementor elementor-16836\" data-elementor-post-type=\"page\">\n\t\t\t\t\t\t<section class=\"elementor-section elementor-top-section elementor-element elementor-element-64c9dc8 elementor-section-boxed elementor-section-height-default elementor-section-height-default\" data-id=\"64c9dc8\" data-element_type=\"section\" data-e-type=\"section\">\n\t\t\t\t\t\t<div class=\"elementor-container elementor-column-gap-default\">\n\t\t\t\t\t<div class=\"elementor-column elementor-col-100 elementor-top-column elementor-element elementor-element-d65373b\" data-id=\"d65373b\" data-element_type=\"column\" data-e-type=\"column\">\n\t\t\t<div class=\"elementor-widget-wrap elementor-element-populated\">\n\t\t\t\t\t\t<div class=\"elementor-element elementor-element-30e0ed7 elementor-widget elementor-widget-heading\" data-id=\"30e0ed7\" data-element_type=\"widget\" data-e-type=\"widget\" data-widget_type=\"heading.default\">\n\t\t\t\t\t<h1 class=\"elementor-heading-title elementor-size-default\">Online appointment booking by specialist<\/h1>\t\t\t\t<\/div>\n\t\t\t\t\t<\/div>\n\t\t<\/div>\n\t\t\t\t\t<\/div>\n\t\t<\/section>\n\t\t<div class=\"elementor-element elementor-element-5a1f7fc e-flex e-con-boxed e-con e-parent\" data-id=\"5a1f7fc\" data-element_type=\"container\" data-e-type=\"container\">\n\t\t\t\t\t<div class=\"e-con-inner\">\n\t\t\t\t<div class=\"elementor-element elementor-element-61f5986 elementor-widget elementor-widget-text-editor\" data-id=\"61f5986\" data-element_type=\"widget\" data-e-type=\"widget\" data-widget_type=\"text-editor.default\">\n\t\t\t\t\t\t\t\t\t<p style=\"text-align: center;\">If you cannot find a suitable date in our online appointment booking system, please contact us directly. <br \/>We may have an appointment for you at shorter notice.\u00a0<\/p><p style=\"text-align: center;\"><strong>It may take a few seconds for the available appointments to be displayed.<\/strong><\/p>\t\t\t\t\t\t\t\t<\/div>\n\t\t\t\t<div class=\"elementor-element elementor-element-dc5cf55 elementor-widget elementor-widget-global elementor-global-20361 elementor-widget-text-editor\" data-id=\"dc5cf55\" data-element_type=\"widget\" data-e-type=\"widget\" data-widget_type=\"text-editor.default\">\n\t\t\t\t\t\t\t\t\t<p style=\"text-align: center;\"><strong>General note:<\/strong><\/p><p><strong>Counselling sessions are chargeable. <\/strong>The cost of a counselling appointment is EUR 50.<\/p><p>Please appear <strong>punctual<\/strong> on the booked date. If you are unable to attend an appointment, please cancel it 48 hours in advance.  Please understand that we will have to charge you the consultation fee\/treatment (\u00a7\u00a7304,615 BGB) if you do not cancel in time.<\/p><p style=\"text-align: center;\">Cancellations can be made via our booking system, by telephone, <a href=\"mailto:info@noahklinik.de\">by e-mail<\/a>, Whatsapp or via our <a href=\"https:\/\/noahklinik.de\/en\/about-us\/contact\/\"><span style=\"text-decoration: underline;\">Contact form<\/span><\/a> possible.<\/p>\t\t\t\t\t\t\t\t<\/div>\n\t\t\t\t\t<\/div>\n\t\t\t\t<\/div>\n\t\t<div class=\"elementor-element elementor-element-e41b6eb e-flex e-con-boxed e-con e-parent\" data-id=\"e41b6eb\" data-element_type=\"container\" data-e-type=\"container\">\n\t\t\t\t\t<div class=\"e-con-inner\">\n\t\t<div class=\"elementor-element elementor-element-b75c359 e-con-full e-flex e-con e-child\" data-id=\"b75c359\" data-element_type=\"container\" data-e-type=\"container\">\n\t\t\t\t<div class=\"elementor-element elementor-element-0de0211 elementor-position-left elementor-vertical-align-middle elementor-widget elementor-widget-image-box\" data-id=\"0de0211\" data-element_type=\"widget\" data-e-type=\"widget\" data-widget_type=\"image-box.default\">\n\t\t\t\t\t<div class=\"elementor-image-box-wrapper\"><figure class=\"elementor-image-box-img\"><a href=\"https:\/\/noahklinik.de\/en\/about-us\/online-appointment-booking\/online-appointment-booking-prof-dr-noah\/\" tabindex=\"-1\"><img wpfc-lazyload-disable=\"true\" fetchpriority=\"high\" decoding=\"async\" width=\"750\" height=\"500\" src=\"https:\/\/noahklinik.de\/wp-content\/uploads\/2021\/06\/Noah.webp\" class=\"attachment-full size-full wp-image-4295\" alt=\"Prof. Dr. med Ernst Magnus Noah\" srcset=\"https:\/\/noahklinik.de\/wp-content\/uploads\/2021\/06\/Noah.webp 750w, https:\/\/noahklinik.de\/wp-content\/uploads\/2021\/06\/Noah-300x200.webp 300w\" sizes=\"(max-width: 750px) 100vw, 750px\" \/><\/a><\/figure><div class=\"elementor-image-box-content\"><div class=\"elementor-image-box-title\"><a href=\"https:\/\/noahklinik.de\/en\/about-us\/online-appointment-booking\/online-appointment-booking-prof-dr-noah\/\">Prof. Dr Noah<\/a><\/div><p class=\"elementor-image-box-description\">Specialist for Plastic and Aesthetic Surgery<\/p><\/div><\/div>\t\t\t\t<\/div>\n\t\t\t\t<div class=\"elementor-element elementor-element-ec9a943 elementor-position-left elementor-vertical-align-middle elementor-widget elementor-widget-image-box\" data-id=\"ec9a943\" data-element_type=\"widget\" data-e-type=\"widget\" data-widget_type=\"image-box.default\">\n\t\t\t\t\t<div class=\"elementor-image-box-wrapper\"><figure class=\"elementor-image-box-img\"><a href=\"https:\/\/noahklinik.de\/en\/about-us\/online-appointment-booking\/online-appointment-booking-prp-hair-2\/\" tabindex=\"-1\"><img wpfc-lazyload-disable=\"true\" decoding=\"async\" width=\"1772\" height=\"1181\" src=\"https:\/\/noahklinik.de\/wp-content\/uploads\/2022\/08\/Eric.webp\" class=\"attachment-full size-full wp-image-8518\" alt=\"Dr Eric Klingelh\u00f6fer\" srcset=\"https:\/\/noahklinik.de\/wp-content\/uploads\/2022\/08\/Eric.webp 1772w, https:\/\/noahklinik.de\/wp-content\/uploads\/2022\/08\/Eric-300x200.webp 300w, https:\/\/noahklinik.de\/wp-content\/uploads\/2022\/08\/Eric-1024x682.webp 1024w, https:\/\/noahklinik.de\/wp-content\/uploads\/2022\/08\/Eric-768x512.webp 768w, https:\/\/noahklinik.de\/wp-content\/uploads\/2022\/08\/Eric-1536x1024.webp 1536w, https:\/\/noahklinik.de\/wp-content\/uploads\/2022\/08\/Eric-18x12.webp 18w\" sizes=\"(max-width: 1772px) 100vw, 1772px\" \/><\/a><\/figure><div class=\"elementor-image-box-content\"><div class=\"elementor-image-box-title\"><a href=\"https:\/\/noahklinik.de\/en\/about-us\/online-appointment-booking\/online-appointment-booking-prp-hair-2\/\">Dr Eric Klingelh\u00f6fer<\/a><\/div><p class=\"elementor-image-box-description\">Specialist for Plastic and Aesthetic Surgery<\/p><\/div><\/div>\t\t\t\t<\/div>\n\t\t\t\t<div class=\"elementor-element elementor-element-20e9a38 elementor-position-left elementor-vertical-align-middle elementor-widget elementor-widget-image-box\" data-id=\"20e9a38\" data-element_type=\"widget\" data-e-type=\"widget\" data-widget_type=\"image-box.default\">\n\t\t\t\t\t<div class=\"elementor-image-box-wrapper\"><figure class=\"elementor-image-box-img\"><a href=\"https:\/\/noahklinik.de\/en\/about-us\/online-appointment-booking\/online-appointment-booking-el-syouri\/\" tabindex=\"-1\"><img wpfc-lazyload-disable=\"true\" decoding=\"async\" width=\"1772\" height=\"1181\" src=\"https:\/\/noahklinik.de\/wp-content\/uploads\/2024\/12\/doctor-medic-omar-al-syouri.jpg\" class=\"attachment-full size-full wp-image-15731\" alt=\"Doctor-medic Omar Al Syouri\" srcset=\"https:\/\/noahklinik.de\/wp-content\/uploads\/2024\/12\/doctor-medic-omar-al-syouri.jpg 1772w, https:\/\/noahklinik.de\/wp-content\/uploads\/2024\/12\/doctor-medic-omar-al-syouri-300x200.jpg 300w, https:\/\/noahklinik.de\/wp-content\/uploads\/2024\/12\/doctor-medic-omar-al-syouri-1024x682.jpg 1024w, https:\/\/noahklinik.de\/wp-content\/uploads\/2024\/12\/doctor-medic-omar-al-syouri-768x512.jpg 768w, https:\/\/noahklinik.de\/wp-content\/uploads\/2024\/12\/doctor-medic-omar-al-syouri-1536x1024.jpg 1536w, https:\/\/noahklinik.de\/wp-content\/uploads\/2024\/12\/doctor-medic-omar-al-syouri-18x12.avif 18w\" sizes=\"(max-width: 1772px) 100vw, 1772px\" \/><\/a><\/figure><div class=\"elementor-image-box-content\"><div class=\"elementor-image-box-title\"><a href=\"https:\/\/noahklinik.de\/en\/about-us\/online-appointment-booking\/online-appointment-booking-el-syouri\/\">Doctor-medic Omar Al Syouri<\/a><\/div><p class=\"elementor-image-box-description\">Specialist for Plastic and Aesthetic Surgery<\/p><\/div><\/div>\t\t\t\t<\/div>\n\t\t\t\t<\/div>\n\t\t<div class=\"elementor-element elementor-element-4342df8 e-con-full e-flex e-con e-child\" data-id=\"4342df8\" data-element_type=\"container\" data-e-type=\"container\">\n\t\t\t\t<div class=\"elementor-element elementor-element-c007bbb elementor-position-left elementor-vertical-align-middle elementor-widget elementor-widget-image-box\" data-id=\"c007bbb\" data-element_type=\"widget\" data-e-type=\"widget\" data-widget_type=\"image-box.default\">\n\t\t\t\t\t<div class=\"elementor-image-box-wrapper\"><figure class=\"elementor-image-box-img\"><a href=\"https:\/\/noahklinik.de\/en\/about-us\/online-appointment-booking\/online-appointment-booking-dr-weinberger\/\" tabindex=\"-1\"><img wpfc-lazyload-disable=\"true\" loading=\"lazy\" decoding=\"async\" width=\"750\" height=\"500\" src=\"https:\/\/noahklinik.de\/wp-content\/uploads\/2021\/06\/Katharina.jpg\" class=\"attachment-full size-full wp-image-4286\" alt=\"Katharina Weinberger\" srcset=\"https:\/\/noahklinik.de\/wp-content\/uploads\/2021\/06\/Katharina.jpg 750w, https:\/\/noahklinik.de\/wp-content\/uploads\/2021\/06\/Katharina-300x200.jpg 300w\" sizes=\"(max-width: 750px) 100vw, 750px\" \/><\/a><\/figure><div class=\"elementor-image-box-content\"><div class=\"elementor-image-box-title\"><a href=\"https:\/\/noahklinik.de\/en\/about-us\/online-appointment-booking\/online-appointment-booking-dr-weinberger\/\">Mrs Katharina Weinberger<\/a><\/div><p class=\"elementor-image-box-description\">Specialist for Plastic and Aesthetic Surgery<\/p><\/div><\/div>\t\t\t\t<\/div>\n\t\t\t\t<div class=\"elementor-element elementor-element-7e7034f elementor-position-left elementor-vertical-align-middle elementor-widget elementor-widget-image-box\" data-id=\"7e7034f\" data-element_type=\"widget\" data-e-type=\"widget\" data-widget_type=\"image-box.default\">\n\t\t\t\t\t<div class=\"elementor-image-box-wrapper\"><figure class=\"elementor-image-box-img\"><a href=\"https:\/\/noahklinik.de\/en\/about-us\/online-appointment-booking\/online-appointment-booking-dr-schmatloch\/\" tabindex=\"-1\"><img wpfc-lazyload-disable=\"true\" loading=\"lazy\" decoding=\"async\" width=\"750\" height=\"500\" src=\"https:\/\/noahklinik.de\/wp-content\/uploads\/2021\/06\/Sabine.jpg\" class=\"attachment-full size-full wp-image-4298\" alt=\"Sabine Schmatloch, MD\" srcset=\"https:\/\/noahklinik.de\/wp-content\/uploads\/2021\/06\/Sabine.jpg 750w, https:\/\/noahklinik.de\/wp-content\/uploads\/2021\/06\/Sabine-300x200.jpg 300w\" sizes=\"(max-width: 750px) 100vw, 750px\" \/><\/a><\/figure><div class=\"elementor-image-box-content\"><div class=\"elementor-image-box-title\"><a href=\"https:\/\/noahklinik.de\/en\/about-us\/online-appointment-booking\/online-appointment-booking-dr-schmatloch\/\">Dr Sabine Schmatloch<\/a><\/div><p class=\"elementor-image-box-description\">Specialist in gynaecology and obstetrics, specialising in gynaecological oncology<\/p><\/div><\/div>\t\t\t\t<\/div>\n\t\t\t\t<div class=\"elementor-element elementor-element-773b262 elementor-position-left elementor-vertical-align-middle elementor-widget elementor-widget-image-box\" data-id=\"773b262\" data-element_type=\"widget\" data-e-type=\"widget\" data-widget_type=\"image-box.default\">\n\t\t\t\t\t<div class=\"elementor-image-box-wrapper\"><figure class=\"elementor-image-box-img\"><a href=\"https:\/\/noahklinik.de\/en\/about-us\/online-appointment-booking\/online-appointment-booking-dr-leonhaeuser\/\" tabindex=\"-1\"><img loading=\"lazy\" decoding=\"async\" width=\"1772\" height=\"1181\" src=\"https:\/\/noahklinik.de\/wp-content\/uploads\/2024\/11\/dr-loenhauser.avif\" class=\"attachment-full size-full wp-image-15725\" alt=\"Dr Karin Leonh\u00e4user\" srcset=\"https:\/\/noahklinik.de\/wp-content\/uploads\/2024\/11\/dr-loenhauser.avif 1772w, https:\/\/noahklinik.de\/wp-content\/uploads\/2024\/11\/dr-loenhauser-300x200.avif 300w, https:\/\/noahklinik.de\/wp-content\/uploads\/2024\/11\/dr-loenhauser-1024x682.avif 1024w, https:\/\/noahklinik.de\/wp-content\/uploads\/2024\/11\/dr-loenhauser-768x512.avif 768w, https:\/\/noahklinik.de\/wp-content\/uploads\/2024\/11\/dr-loenhauser-1536x1024.avif 1536w, https:\/\/noahklinik.de\/wp-content\/uploads\/2024\/11\/dr-loenhauser-18x12.png 18w\" sizes=\"(max-width: 1772px) 100vw, 1772px\" \/><\/a><\/figure><div class=\"elementor-image-box-content\"><div class=\"elementor-image-box-title\"><a href=\"https:\/\/noahklinik.de\/en\/about-us\/online-appointment-booking\/online-appointment-booking-dr-leonhaeuser\/\">Dr Karin Leonh\u00e4user<\/a><\/div><p class=\"elementor-image-box-description\">Specialist in ear, nose and throat medicine<\/p><\/div><\/div>\t\t\t\t<\/div>\n\t\t\t\t<\/div>\n\t\t\t\t\t<\/div>\n\t\t\t\t<\/div>\n\t\t\t\t<\/div>","protected":false},"excerpt":{"rendered":"<p>Online Terminbuchung nach Facharzt Falls Sie in unserer Online-Terminbuchung keinen passenden Termin finden, so nehmen Sie bitte direkt mit uns Kontakt auf. Eventuell haben wir f\u00fcr Sie einen kurzfristigeren Termin.\u00a0 Es kann einige Sekunden dauern, bis die verf\u00fcgbaren Termine angezeigt werden. Allgemeiner Hinweis: Beratungsgespr\u00e4che sind kostenpflichtig. Die Kosten f\u00fcr einen Beratungstermin betragen EUR 50,-. Bitte [&hellip;]<\/p>\n","protected":false},"author":6,"featured_media":10333,"parent":5128,"menu_order":0,"comment_status":"closed","ping_status":"closed","template":"","meta":{"footnotes":""},"class_list":["post-16836","page","type-page","status-publish","has-post-thumbnail","hentry"],"_links":{"self":[{"href":"https:\/\/noahklinik.de\/en\/wp-json\/wp\/v2\/pages\/16836","targetHints":{"allow":["GET"]}}],"collection":[{"href":"https:\/\/noahklinik.de\/en\/wp-json\/wp\/v2\/pages"}],"about":[{"href":"https:\/\/noahklinik.de\/en\/wp-json\/wp\/v2\/types\/page"}],"author":[{"embeddable":true,"href":"https:\/\/noahklinik.de\/en\/wp-json\/wp\/v2\/users\/6"}],"replies":[{"embeddable":true,"href":"https:\/\/noahklinik.de\/en\/wp-json\/wp\/v2\/comments?post=16836"}],"version-history":[{"count":3,"href":"https:\/\/noahklinik.de\/en\/wp-json\/wp\/v2\/pages\/16836\/revisions"}],"predecessor-version":[{"id":20414,"href":"https:\/\/noahklinik.de\/en\/wp-json\/wp\/v2\/pages\/16836\/revisions\/20414"}],"up":[{"embeddable":true,"href":"https:\/\/noahklinik.de\/en\/wp-json\/wp\/v2\/pages\/5128"}],"wp:featuredmedia":[{"embeddable":true,"href":"https:\/\/noahklinik.de\/en\/wp-json\/wp\/v2\/media\/10333"}],"wp:attachment":[{"href":"https:\/\/noahklinik.de\/en\/wp-json\/wp\/v2\/media?parent=16836"}],"curies":[{"name":"wp","href":"https:\/\/api.w.org\/{rel}","templated":true}]}}