{"id":16835,"date":"2025-05-06T14:03:45","date_gmt":"2025-05-06T12:03:45","guid":{"rendered":"https:\/\/noahklinik.de\/?page_id=16835"},"modified":"2026-03-22T07:50:25","modified_gmt":"2026-03-22T06:50:25","slug":"online-appointment-booking-dr-leonhaeuser","status":"publish","type":"page","link":"https:\/\/noahklinik.de\/en\/ueber-uns\/online-terminbuchung\/online-terminbuchung-dr-leonhaeuser\/","title":{"rendered":"Online appointment booking Dr Leonh\u00e4user"},"content":{"rendered":"<div data-elementor-type=\"wp-page\" data-elementor-id=\"16835\" class=\"elementor elementor-16835\" data-elementor-post-type=\"page\">\n\t\t\t\t\t\t<section class=\"elementor-section elementor-top-section elementor-element elementor-element-64c9dc8 elementor-section-boxed elementor-section-height-default elementor-section-height-default\" data-id=\"64c9dc8\" data-element_type=\"section\" data-e-type=\"section\">\n\t\t\t\t\t\t<div class=\"elementor-container elementor-column-gap-default\">\n\t\t\t\t\t<div class=\"elementor-column elementor-col-100 elementor-top-column elementor-element elementor-element-d65373b\" data-id=\"d65373b\" data-element_type=\"column\" data-e-type=\"column\">\n\t\t\t<div class=\"elementor-widget-wrap elementor-element-populated\">\n\t\t\t\t\t\t<div class=\"elementor-element elementor-element-30e0ed7 elementor-widget elementor-widget-heading\" data-id=\"30e0ed7\" data-element_type=\"widget\" data-e-type=\"widget\" data-widget_type=\"heading.default\">\n\t\t\t\t\t<h1 class=\"elementor-heading-title elementor-size-default\">Online appointment booking Dr Leonh\u00e4user<\/h1>\t\t\t\t<\/div>\n\t\t\t\t\t<\/div>\n\t\t<\/div>\n\t\t\t\t\t<\/div>\n\t\t<\/section>\n\t\t<div class=\"elementor-element elementor-element-734fe18 e-flex e-con-boxed e-con e-parent\" data-id=\"734fe18\" data-element_type=\"container\" data-e-type=\"container\">\n\t\t\t\t\t<div class=\"e-con-inner\">\n\t\t<div class=\"elementor-element elementor-element-4c4e8b8 e-con-full e-flex e-con e-child\" data-id=\"4c4e8b8\" data-element_type=\"container\" data-e-type=\"container\">\n\t\t\t\t<div class=\"elementor-element elementor-element-674678b elementor-widget elementor-widget-text-editor\" data-id=\"674678b\" data-element_type=\"widget\" data-e-type=\"widget\" data-widget_type=\"text-editor.default\">\n\t\t\t\t\t\t\t\t\t<p style=\"text-align: center;\">If you cannot find a suitable date in our online appointment booking system, please contact us directly. <a href=\"https:\/\/noahklinik.de\/en\/about-us\/contact\/\"><span style=\"text-decoration: underline;\">Contact<\/span><\/a> on. We may have an appointment for you at shorter notice.\u00a0<\/p><p style=\"text-align: center;\"><strong>It may take a few seconds for the available appointments to be displayed.<\/strong><\/p>\t\t\t\t\t\t\t\t<\/div>\n\t\t\t\t<div class=\"elementor-element elementor-element-691e639 elementor-widget elementor-widget-global elementor-global-20361 elementor-widget-text-editor\" data-id=\"691e639\" data-element_type=\"widget\" data-e-type=\"widget\" data-widget_type=\"text-editor.default\">\n\t\t\t\t\t\t\t\t\t<p style=\"text-align: center;\"><strong>General note:<\/strong><\/p><p><strong>Counselling sessions are chargeable. <\/strong>The cost of a counselling appointment is EUR 50.<\/p><p>Please appear <strong>punctual<\/strong> on the booked date. If you are unable to attend an appointment, please cancel it 48 hours in advance.  Please understand that we will have to charge you the consultation fee\/treatment (\u00a7\u00a7304,615 BGB) if you do not cancel in time.<\/p><p style=\"text-align: center;\">Cancellations can be made via our booking system, by telephone, <a href=\"mailto:info@noahklinik.de\">by e-mail<\/a>, Whatsapp or via our <a href=\"https:\/\/noahklinik.de\/en\/about-us\/contact\/\"><span style=\"text-decoration: underline;\">Contact form<\/span><\/a> possible.<\/p>\t\t\t\t\t\t\t\t<\/div>\n\t\t\t\t<\/div>\n\t\t<div class=\"elementor-element elementor-element-c65c89d e-con-full e-flex e-con e-child\" data-id=\"c65c89d\" data-element_type=\"container\" data-e-type=\"container\">\n\t\t\t\t<div class=\"elementor-element elementor-element-204a670 elementor-widget elementor-widget-image\" data-id=\"204a670\" data-element_type=\"widget\" data-e-type=\"widget\" data-widget_type=\"image.default\">\n\t\t\t\t\t\t\t\t\t\t\t\t<figure class=\"wp-caption\">\n\t\t\t\t\t\t\t\t\t\t\t<a href=\"https:\/\/noahklinik.de\/en\/about-us\/our-specialists\/dr-med-karin-leonhaeuser\/\">\n\t\t\t\t\t\t\t<img wpfc-lazyload-disable=\"true\" fetchpriority=\"high\" decoding=\"async\" width=\"1772\" height=\"1181\" src=\"https:\/\/noahklinik.de\/wp-content\/uploads\/2024\/11\/leonhaeuser-9.avif\" class=\"attachment-full size-full wp-image-15713\" alt=\"leonhaeuser-9\" srcset=\"https:\/\/noahklinik.de\/wp-content\/uploads\/2024\/11\/leonhaeuser-9.avif 1772w, https:\/\/noahklinik.de\/wp-content\/uploads\/2024\/11\/leonhaeuser-9-300x200.avif 300w, https:\/\/noahklinik.de\/wp-content\/uploads\/2024\/11\/leonhaeuser-9-1024x682.avif 1024w, https:\/\/noahklinik.de\/wp-content\/uploads\/2024\/11\/leonhaeuser-9-768x512.avif 768w, https:\/\/noahklinik.de\/wp-content\/uploads\/2024\/11\/leonhaeuser-9-1536x1024.avif 1536w, https:\/\/noahklinik.de\/wp-content\/uploads\/2024\/11\/leonhaeuser-9-18x12.avif 18w\" sizes=\"(max-width: 1772px) 100vw, 1772px\" \/>\t\t\t\t\t\t\t\t<\/a>\n\t\t\t\t\t\t\t\t\t\t\t<figcaption class=\"widget-image-caption wp-caption-text\"><b>Dr Karin Leonh\u00e4user<\/b><br>Specialist in ear, nose and throat medicine<\/figcaption>\n\t\t\t\t\t\t\t\t\t\t<\/figure>\n\t\t\t\t\t\t\t\t\t<\/div>\n\t\t\t\t<\/div>\n\t\t\t\t\t<\/div>\n\t\t\t\t<\/div>\n\t\t<div class=\"elementor-element elementor-element-5a1f7fc e-flex e-con-boxed e-con e-parent\" data-id=\"5a1f7fc\" data-element_type=\"container\" data-e-type=\"container\">\n\t\t\t\t\t<div class=\"e-con-inner\">\n\t\t\t\t<div class=\"elementor-element elementor-element-15b87de elementor-widget elementor-widget-heading\" data-id=\"15b87de\" data-element_type=\"widget\" data-e-type=\"widget\" data-widget_type=\"heading.default\">\n\t\t\t\t\t<h2 class=\"elementor-heading-title elementor-size-default\">Your online appointment booking with Dr Leonh\u00e4user<\/h2>\t\t\t\t<\/div>\n\t\t\t\t<div class=\"elementor-element elementor-element-23dfd69 elementor-widget elementor-widget-html\" data-id=\"23dfd69\" data-element_type=\"widget\" data-e-type=\"widget\" data-widget_type=\"html.default\">\n\t\t\t\t\t<iframe src=\"https:\/\/scheduler.clinicore.eu\/noahklinik?user=5027\" width=\"100%\" height=\"970px\" frameborder=\"0\"><\/iframe>\t\t\t\t<\/div>\n\t\t\t\t\t<\/div>\n\t\t\t\t<\/div>\n\t\t\t\t<\/div>","protected":false},"excerpt":{"rendered":"<p>Online Terminbuchung Fr. Dr. Leonh\u00e4user Falls Sie in unserer Online-Terminbuchung keinen passenden Termin finden, so nehmen Sie bitte direkt mit uns Kontakt auf. Eventuell haben wir f\u00fcr Sie einen kurzfristigeren Termin.\u00a0 Es kann einige Sekunden dauern, bis die verf\u00fcgbaren Termine angezeigt werden. Allgemeiner Hinweis: Beratungsgespr\u00e4che sind kostenpflichtig. Die Kosten f\u00fcr einen Beratungstermin betragen EUR 50,-. [&hellip;]<\/p>\n","protected":false},"author":6,"featured_media":10333,"parent":5128,"menu_order":0,"comment_status":"closed","ping_status":"closed","template":"","meta":{"footnotes":""},"class_list":["post-16835","page","type-page","status-publish","has-post-thumbnail","hentry"],"_links":{"self":[{"href":"https:\/\/noahklinik.de\/en\/wp-json\/wp\/v2\/pages\/16835","targetHints":{"allow":["GET"]}}],"collection":[{"href":"https:\/\/noahklinik.de\/en\/wp-json\/wp\/v2\/pages"}],"about":[{"href":"https:\/\/noahklinik.de\/en\/wp-json\/wp\/v2\/types\/page"}],"author":[{"embeddable":true,"href":"https:\/\/noahklinik.de\/en\/wp-json\/wp\/v2\/users\/6"}],"replies":[{"embeddable":true,"href":"https:\/\/noahklinik.de\/en\/wp-json\/wp\/v2\/comments?post=16835"}],"version-history":[{"count":3,"href":"https:\/\/noahklinik.de\/en\/wp-json\/wp\/v2\/pages\/16835\/revisions"}],"predecessor-version":[{"id":20396,"href":"https:\/\/noahklinik.de\/en\/wp-json\/wp\/v2\/pages\/16835\/revisions\/20396"}],"up":[{"embeddable":true,"href":"https:\/\/noahklinik.de\/en\/wp-json\/wp\/v2\/pages\/5128"}],"wp:featuredmedia":[{"embeddable":true,"href":"https:\/\/noahklinik.de\/en\/wp-json\/wp\/v2\/media\/10333"}],"wp:attachment":[{"href":"https:\/\/noahklinik.de\/en\/wp-json\/wp\/v2\/media?parent=16835"}],"curies":[{"name":"wp","href":"https:\/\/api.w.org\/{rel}","templated":true}]}}