{"id":16826,"date":"2025-05-06T14:02:20","date_gmt":"2025-05-06T12:02:20","guid":{"rendered":"https:\/\/noahklinik.de\/?page_id=16826"},"modified":"2025-10-22T10:34:20","modified_gmt":"2025-10-22T08:34:20","slug":"online-appointment-booking-prof-dr-noah","status":"publish","type":"page","link":"https:\/\/noahklinik.de\/en\/ueber-uns\/online-terminbuchung\/online-terminbuchung-prof-dr-noah\/","title":{"rendered":"Online appointment booking Prof. Dr Noah"},"content":{"rendered":"<div data-elementor-type=\"wp-page\" data-elementor-id=\"16826\" class=\"elementor elementor-16826\" data-elementor-post-type=\"page\">\n\t\t\t\t\t\t<section class=\"elementor-section elementor-top-section elementor-element elementor-element-64c9dc8 elementor-section-boxed elementor-section-height-default elementor-section-height-default\" data-id=\"64c9dc8\" data-element_type=\"section\" data-e-type=\"section\">\n\t\t\t\t\t\t<div class=\"elementor-container elementor-column-gap-default\">\n\t\t\t\t\t<div class=\"elementor-column elementor-col-100 elementor-top-column elementor-element elementor-element-d65373b\" data-id=\"d65373b\" data-element_type=\"column\" data-e-type=\"column\">\n\t\t\t<div class=\"elementor-widget-wrap elementor-element-populated\">\n\t\t\t\t\t\t<div class=\"elementor-element elementor-element-30e0ed7 elementor-widget elementor-widget-heading\" data-id=\"30e0ed7\" data-element_type=\"widget\" data-e-type=\"widget\" data-widget_type=\"heading.default\">\n\t\t\t\t\t<h1 class=\"elementor-heading-title elementor-size-default\">Online appointment booking Prof. Dr Noah<\/h1>\t\t\t\t<\/div>\n\t\t\t\t\t<\/div>\n\t\t<\/div>\n\t\t\t\t\t<\/div>\n\t\t<\/section>\n\t\t<div class=\"elementor-element elementor-element-96d6e32 e-flex e-con-boxed e-con e-parent\" data-id=\"96d6e32\" data-element_type=\"container\" data-e-type=\"container\">\n\t\t\t\t\t<div class=\"e-con-inner\">\n\t\t<div class=\"elementor-element elementor-element-54e0efa e-con-full e-flex e-con e-child\" data-id=\"54e0efa\" data-element_type=\"container\" data-e-type=\"container\">\n\t\t\t\t<div class=\"elementor-element elementor-element-0436e78 elementor-widget elementor-widget-text-editor\" data-id=\"0436e78\" data-element_type=\"widget\" data-e-type=\"widget\" data-widget_type=\"text-editor.default\">\n\t\t\t\t\t\t\t\t\t<p style=\"text-align: center;\">If you cannot find a suitable date in our online appointment booking system, please contact us directly. <a href=\"https:\/\/noahklinik.de\/en\/about-us\/contact\/\"><span style=\"text-decoration: underline;\">Contact<\/span><\/a> on. We may have an appointment for you at shorter notice.\u00a0<\/p><p style=\"text-align: center;\"><strong>Counselling sessions are chargeable.\u00a0<\/strong><\/p><p style=\"text-align: center;\"><strong>It may take a few seconds for the available appointments to be displayed.<\/strong><\/p>\t\t\t\t\t\t\t\t<\/div>\n\t\t\t\t<\/div>\n\t\t<div class=\"elementor-element elementor-element-a05b37e e-con-full e-flex e-con e-child\" data-id=\"a05b37e\" data-element_type=\"container\" data-e-type=\"container\">\n\t\t\t\t<div class=\"elementor-element elementor-element-490c25d elementor-widget elementor-widget-image\" data-id=\"490c25d\" data-element_type=\"widget\" data-e-type=\"widget\" data-widget_type=\"image.default\">\n\t\t\t\t\t\t\t\t\t\t\t\t<figure class=\"wp-caption\">\n\t\t\t\t\t\t\t\t\t\t\t<a href=\"https:\/\/noahklinik.de\/en\/about-us\/professor-dr-noah-vita\/\">\n\t\t\t\t\t\t\t<img wpfc-lazyload-disable=\"true\" fetchpriority=\"high\" decoding=\"async\" width=\"750\" height=\"500\" src=\"https:\/\/noahklinik.de\/wp-content\/uploads\/2021\/06\/Noah.webp\" class=\"attachment-full size-full wp-image-4295\" alt=\"Prof. Dr. med Ernst Magnus Noah\" srcset=\"https:\/\/noahklinik.de\/wp-content\/uploads\/2021\/06\/Noah.webp 750w, https:\/\/noahklinik.de\/wp-content\/uploads\/2021\/06\/Noah-300x200.webp 300w\" sizes=\"(max-width: 750px) 100vw, 750px\" \/>\t\t\t\t\t\t\t\t<\/a>\n\t\t\t\t\t\t\t\t\t\t\t<figcaption class=\"widget-image-caption wp-caption-text\"><b>Ernst Magnus Noah, MD<\/b><br>Medical management<br>Specialist for Plastic and Aesthetic Surgery<\/figcaption>\n\t\t\t\t\t\t\t\t\t\t<\/figure>\n\t\t\t\t\t\t\t\t\t<\/div>\n\t\t\t\t<\/div>\n\t\t\t\t\t<\/div>\n\t\t\t\t<\/div>\n\t\t<div class=\"elementor-element elementor-element-5a1f7fc e-flex e-con-boxed e-con e-parent\" data-id=\"5a1f7fc\" data-element_type=\"container\" data-e-type=\"container\">\n\t\t\t\t\t<div class=\"e-con-inner\">\n\t\t\t\t<div class=\"elementor-element elementor-element-34bcc19 elementor-widget elementor-widget-heading\" data-id=\"34bcc19\" data-element_type=\"widget\" data-e-type=\"widget\" data-widget_type=\"heading.default\">\n\t\t\t\t\t<h2 class=\"elementor-heading-title elementor-size-default\">Your online appointment booking Prof. Dr Noah<\/h2>\t\t\t\t<\/div>\n\t\t\t\t<div class=\"elementor-element elementor-element-303d76b elementor-widget elementor-widget-html\" data-id=\"303d76b\" data-element_type=\"widget\" data-e-type=\"widget\" data-widget_type=\"html.default\">\n\t\t\t\t\t<iframe src=\"https:\/\/scheduler.clinicore.eu\/noahklinik?user=5001\" width=\"100%\" height=\"970px\" frameborder=\"0\"><\/iframe>\t\t\t\t<\/div>\n\t\t\t\t\t<\/div>\n\t\t\t\t<\/div>\n\t\t\t\t<section class=\"elementor-section elementor-top-section elementor-element elementor-element-86e8c68 elementor-section-boxed elementor-section-height-default elementor-section-height-default\" data-id=\"86e8c68\" data-element_type=\"section\" data-e-type=\"section\">\n\t\t\t\t\t\t<div class=\"elementor-container elementor-column-gap-default\">\n\t\t\t\t\t<div class=\"elementor-column elementor-col-100 elementor-top-column elementor-element elementor-element-ffcdea4\" data-id=\"ffcdea4\" data-element_type=\"column\" data-e-type=\"column\">\n\t\t\t<div class=\"elementor-widget-wrap elementor-element-populated\">\n\t\t\t\t\t\t<div class=\"elementor-element elementor-element-966469d elementor-widget elementor-widget-text-editor\" data-id=\"966469d\" data-element_type=\"widget\" data-e-type=\"widget\" data-widget_type=\"text-editor.default\">\n\t\t\t\t\t\t\t\t\t<p style=\"text-align: center;\"><strong>Hint:<\/strong><\/p><p style=\"text-align: center;\">Please appear <strong>punctual<\/strong> on the date booked. If you are unable to keep the appointment, please let us know. <strong>at least 24 hours<\/strong> before the appointment. For cancellations after this date we have to charge a cancellation fee of 50% , for no-shows of 100% (min. EUR 20,-) of the counselling fee.<\/p><p style=\"text-align: center;\">Cancellations can be made via our booking system, by telephone, <a href=\"mailto:info@noahklinik.de\">by e-mail<\/a>, Whatsapp or via our <a href=\"https:\/\/noahklinik.de\/en\/about-us\/contact\/\">Contact form<\/a> possible.<\/p>\t\t\t\t\t\t\t\t<\/div>\n\t\t\t\t\t<\/div>\n\t\t<\/div>\n\t\t\t\t\t<\/div>\n\t\t<\/section>\n\t\t\t\t<\/div>","protected":false},"excerpt":{"rendered":"<p>Online Terminbuchung Prof. Dr. Noah Falls Sie in unserer Online-Terminbuchung keinen passenden Termin finden, so nehmen Sie bitte direkt mit uns Kontakt auf. Eventuell haben wir f\u00fcr Sie einen kurzfristigeren Termin.\u00a0 Beratungsgespr\u00e4che sind kostenpflichtig.\u00a0 Es kann einige Sekunden dauern, bis die verf\u00fcgbaren Termine angezeigt werden. Pr. Dr. med. Ernst Magnus Noah\u00c4rztliche LeitungFacharzt f\u00fcr Plastische und [&hellip;]<\/p>\n","protected":false},"author":6,"featured_media":10333,"parent":5128,"menu_order":0,"comment_status":"closed","ping_status":"closed","template":"","meta":{"footnotes":""},"class_list":["post-16826","page","type-page","status-publish","has-post-thumbnail","hentry"],"_links":{"self":[{"href":"https:\/\/noahklinik.de\/en\/wp-json\/wp\/v2\/pages\/16826","targetHints":{"allow":["GET"]}}],"collection":[{"href":"https:\/\/noahklinik.de\/en\/wp-json\/wp\/v2\/pages"}],"about":[{"href":"https:\/\/noahklinik.de\/en\/wp-json\/wp\/v2\/types\/page"}],"author":[{"embeddable":true,"href":"https:\/\/noahklinik.de\/en\/wp-json\/wp\/v2\/users\/6"}],"replies":[{"embeddable":true,"href":"https:\/\/noahklinik.de\/en\/wp-json\/wp\/v2\/comments?post=16826"}],"version-history":[{"count":0,"href":"https:\/\/noahklinik.de\/en\/wp-json\/wp\/v2\/pages\/16826\/revisions"}],"up":[{"embeddable":true,"href":"https:\/\/noahklinik.de\/en\/wp-json\/wp\/v2\/pages\/5128"}],"wp:featuredmedia":[{"embeddable":true,"href":"https:\/\/noahklinik.de\/en\/wp-json\/wp\/v2\/media\/10333"}],"wp:attachment":[{"href":"https:\/\/noahklinik.de\/en\/wp-json\/wp\/v2\/media?parent=16826"}],"curies":[{"name":"wp","href":"https:\/\/api.w.org\/{rel}","templated":true}]}}