{"id":14694,"date":"2024-02-11T14:25:20","date_gmt":"2024-02-11T13:25:20","guid":{"rendered":"https:\/\/noahklinik.de\/?page_id=14694"},"modified":"2026-03-20T14:53:27","modified_gmt":"2026-03-20T13:53:27","slug":"job-offers","status":"publish","type":"page","link":"https:\/\/noahklinik.de\/en\/ueber-uns\/stellenangebote\/","title":{"rendered":"Vacancies"},"content":{"rendered":"\t\t<div data-elementor-type=\"wp-page\" data-elementor-id=\"14694\" class=\"elementor elementor-14694\" data-elementor-post-type=\"page\">\n\t\t\t\t\t\t<section class=\"elementor-section elementor-top-section elementor-element elementor-element-9d70dc2 elementor-section-boxed elementor-section-height-default elementor-section-height-default\" data-id=\"9d70dc2\" data-element_type=\"section\" data-e-type=\"section\">\n\t\t\t\t\t\t<div class=\"elementor-container elementor-column-gap-default\">\n\t\t\t\t\t<div class=\"elementor-column elementor-col-100 elementor-top-column elementor-element elementor-element-c8787ba\" data-id=\"c8787ba\" data-element_type=\"column\" data-e-type=\"column\">\n\t\t\t<div class=\"elementor-widget-wrap elementor-element-populated\">\n\t\t\t\t\t\t<div class=\"elementor-element elementor-element-9a89479 elementor-widget elementor-widget-heading\" data-id=\"9a89479\" data-element_type=\"widget\" data-e-type=\"widget\" data-widget_type=\"heading.default\">\n\t\t\t\t\t<h1 class=\"elementor-heading-title elementor-size-default\">KARRIERE<br>STELLENANGEBOTE Noahklinik Kassel<\/h1>\t\t\t\t<\/div>\n\t\t\t\t<div class=\"elementor-element elementor-element-4aa16c3 elementor-widget elementor-widget-heading\" data-id=\"4aa16c3\" data-element_type=\"widget\" data-e-type=\"widget\" data-widget_type=\"heading.default\">\n\t\t\t\t\t<h2 class=\"elementor-heading-title elementor-size-default\">Verst\u00e4rken Sie unser Team!<\/h2>\t\t\t\t<\/div>\n\t\t\t\t<section class=\"elementor-section elementor-inner-section elementor-element elementor-element-d3ca61a elementor-section-boxed elementor-section-height-default elementor-section-height-default\" data-id=\"d3ca61a\" data-element_type=\"section\" data-e-type=\"section\">\n\t\t\t\t\t\t<div class=\"elementor-container elementor-column-gap-default\">\n\t\t\t\t\t<div class=\"elementor-column elementor-col-50 elementor-inner-column elementor-element elementor-element-1bfa64a\" data-id=\"1bfa64a\" data-element_type=\"column\" data-e-type=\"column\">\n\t\t\t<div class=\"elementor-widget-wrap elementor-element-populated\">\n\t\t\t\t\t\t<div class=\"elementor-element elementor-element-ef2700a elementor-widget elementor-widget-image\" data-id=\"ef2700a\" data-element_type=\"widget\" data-e-type=\"widget\" data-widget_type=\"image.default\">\n\t\t\t\t\t\t\t\t\t\t\t\t\t\t\t<img fetchpriority=\"high\" decoding=\"async\" width=\"800\" height=\"800\" src=\"https:\/\/noahklinik.de\/wp-content\/uploads\/2024\/02\/stellenabgebot-1024x1024.jpg\" class=\"attachment-large size-large wp-image-14695\" alt=\"stellenabgebot\" srcset=\"https:\/\/noahklinik.de\/wp-content\/uploads\/2024\/02\/stellenabgebot-1024x1024.jpg 1024w, https:\/\/noahklinik.de\/wp-content\/uploads\/2024\/02\/stellenabgebot-300x300.jpg 300w, https:\/\/noahklinik.de\/wp-content\/uploads\/2024\/02\/stellenabgebot-150x150.jpg 150w, https:\/\/noahklinik.de\/wp-content\/uploads\/2024\/02\/stellenabgebot-768x768.jpg 768w, https:\/\/noahklinik.de\/wp-content\/uploads\/2024\/02\/stellenabgebot-12x12.avif 12w, https:\/\/noahklinik.de\/wp-content\/uploads\/2024\/02\/stellenabgebot.jpg 1080w\" sizes=\"(max-width: 800px) 100vw, 800px\" \/>\t\t\t\t\t\t\t\t\t\t\t\t\t\t\t<\/div>\n\t\t\t\t\t<\/div>\n\t\t<\/div>\n\t\t\t\t<div class=\"elementor-column elementor-col-50 elementor-inner-column elementor-element elementor-element-561b00d\" data-id=\"561b00d\" data-element_type=\"column\" data-e-type=\"column\">\n\t\t\t<div class=\"elementor-widget-wrap elementor-element-populated\">\n\t\t\t\t\t\t<div class=\"elementor-element elementor-element-da3ef3b elementor-widget elementor-widget-text-editor\" data-id=\"da3ef3b\" data-element_type=\"widget\" data-e-type=\"widget\" data-widget_type=\"text-editor.default\">\n\t\t\t\t\t\t\t\t\t<p style=\"text-align: center;\"><strong>Wir suchen ab sofort:<\/strong><\/p>\t\t\t\t\t\t\t\t<\/div>\n\t\t\t\t<div class=\"elementor-element elementor-element-e802147 elementor-widget elementor-widget-heading\" data-id=\"e802147\" data-element_type=\"widget\" data-e-type=\"widget\" data-widget_type=\"heading.default\">\n\t\t\t\t\t<h2 class=\"elementor-heading-title elementor-size-default\">Mitarbeiter\/-IN<br> (MFA\/OTA\/OP-Fachkraft)<\/h2>\t\t\t\t<\/div>\n\t\t\t\t<div class=\"elementor-element elementor-element-414a33c elementor-widget elementor-widget-text-editor\" data-id=\"414a33c\" data-element_type=\"widget\" data-e-type=\"widget\" data-widget_type=\"text-editor.default\">\n\t\t\t\t\t\t\t\t\t<p style=\"text-align: center;\">f\u00fcr unseren OP-Bereich und die Sterilisation<\/p><p style=\"text-align: center;\">in Voll- oder Teilzeit<br \/>(w\/m\/d)<\/p>\t\t\t\t\t\t\t\t<\/div>\n\t\t\t\t<div class=\"elementor-element elementor-element-b97c822 elementor-widget elementor-widget-html\" data-id=\"b97c822\" data-element_type=\"widget\" data-e-type=\"widget\" data-widget_type=\"html.default\">\n\t\t\t\t\t<script type=\"application\/ld+json\">\r\n        [\r\n          {\r\n            \"@context\": \"https:\/\/schema.org\/\",\r\n            \"@type\": \"JobPosting\",\r\n            \"title\": \"Mitarbeiter\/in (MFA \/ OTA \/ OP-Fachkraft)\",\r\n            \"description\": \"Wir suchen ab sofort Mitarbeiter\/in (MFA \/ OTA \/ OP-Fachkraft (m\/w\/d) f\u00fcr unsere renommierte Klinik f\u00fcr Plastische und \u00c4sthetische Chirurgie. Zus\u00e4tzliche Informationen finden Sie auf unserer Website unter https:\/\/noahklinik.de\/ueber-uns\/stellenangebote\/\",\r\n            \"hiringOrganization\" : {\r\n              \"@type\": \"Organization\",\r\n              \"name\": \"Noahklinik\"\r\n            },\r\n            \"datePosted\": \"2024-02-1\",\r\n            \"validThrough\": \"2024-02-11\",\r\n            \"jobLocation\": {\r\n              \"@type\": \"Place\",\r\n              \"address\": {\r\n                \"@type\": \"PostalAddress\",\r\n                \"streetAddress\": \"Kurf\u00fcrsternstra\u00dfe 10-12\",\r\n                \"addressLocality\": \"Kassel\",\r\n                \"addressRegion\": \"Hessen\",\r\n                \"postalCode\": \"34117\",\r\n                \"addressCountry\": \"DE\"\r\n              }\r\n            },\r\n            \"employmentType\": \"Vollzeit oder Teilzeit\"\r\n          }\r\n        ]\r\n      <\/script>\r\n\t\t\t\t<\/div>\n\t\t\t\t\t<\/div>\n\t\t<\/div>\n\t\t\t\t\t<\/div>\n\t\t<\/section>\n\t\t\t\t\t<\/div>\n\t\t<\/div>\n\t\t\t\t\t<\/div>\n\t\t<\/section>\n\t\t\t\t<section class=\"elementor-section elementor-top-section elementor-element elementor-element-7ef245c elementor-section-boxed elementor-section-height-default elementor-section-height-default\" data-id=\"7ef245c\" data-element_type=\"section\" data-e-type=\"section\">\n\t\t\t\t\t\t<div class=\"elementor-container elementor-column-gap-default\">\n\t\t\t\t\t<div class=\"elementor-column elementor-col-100 elementor-top-column elementor-element elementor-element-6451dc4\" data-id=\"6451dc4\" data-element_type=\"column\" data-e-type=\"column\" data-settings=\"{&quot;background_background&quot;:&quot;classic&quot;}\">\n\t\t\t<div class=\"elementor-widget-wrap elementor-element-populated\">\n\t\t\t\t\t\t<div class=\"elementor-element elementor-element-3e8ed71 elementor-widget elementor-widget-heading\" data-id=\"3e8ed71\" data-element_type=\"widget\" data-e-type=\"widget\" data-widget_type=\"heading.default\">\n\t\t\t\t\t<h2 class=\"elementor-heading-title elementor-size-default\">Schnellbewerbung<\/h2>\t\t\t\t<\/div>\n\t\t\t\t<div class=\"elementor-element elementor-element-ebdcc7e elementor-button-align-stretch elementor-widget elementor-widget-form\" data-id=\"ebdcc7e\" data-element_type=\"widget\" data-e-type=\"widget\" data-settings=\"{&quot;step_next_label&quot;:&quot;N\\u00e4chster&quot;,&quot;step_previous_label&quot;:&quot;Voriger&quot;,&quot;button_width&quot;:&quot;100&quot;,&quot;step_type&quot;:&quot;number_text&quot;,&quot;step_icon_shape&quot;:&quot;circle&quot;}\" data-widget_type=\"form.default\">\n\t\t\t\t\t\t\t<form class=\"elementor-form\" method=\"post\" id=\"bewerbung\" name=\"Bewerbung OP \u00fcber noahklinik.de\" aria-label=\"Bewerbung OP \u00fcber noahklinik.de\">\n\t\t\t<input type=\"hidden\" name=\"post_id\" value=\"14694\"\/>\n\t\t\t<input type=\"hidden\" name=\"form_id\" value=\"ebdcc7e\"\/>\n\t\t\t<input type=\"hidden\" name=\"referer_title\" value=\"Stellenangebote Noahklinik Kassel\" \/>\n\n\t\t\t\t\t\t\t<input type=\"hidden\" name=\"queried_id\" value=\"14694\"\/>\n\t\t\t\n\t\t\t<div class=\"elementor-form-fields-wrapper elementor-labels-above\">\n\t\t\t\t\t\t\t\t<div class=\"elementor-field-type-text elementor-field-group elementor-column elementor-field-group-name elementor-col-33 elementor-sm-50\">\n\t\t\t\t\t\t\t\t\t\t\t\t<label for=\"form-field-name\" class=\"elementor-field-label\">\n\t\t\t\t\t\t\t\tVorname\t\t\t\t\t\t\t<\/label>\n\t\t\t\t\t\t\t\t\t\t\t\t\t\t<input size=\"1\" type=\"text\" name=\"form_fields[name]\" id=\"form-field-name\" class=\"elementor-field elementor-size-sm  elementor-field-textual\" placeholder=\"Vorname\">\n\t\t\t\t\t\t\t\t\t\t\t<\/div>\n\t\t\t\t\t\t\t\t<div class=\"elementor-field-type-text elementor-field-group elementor-column elementor-field-group-field_2505e38 elementor-col-33 elementor-sm-50\">\n\t\t\t\t\t\t\t\t\t\t\t\t<label for=\"form-field-field_2505e38\" class=\"elementor-field-label\">\n\t\t\t\t\t\t\t\tName\t\t\t\t\t\t\t<\/label>\n\t\t\t\t\t\t\t\t\t\t\t\t\t\t<input size=\"1\" type=\"text\" name=\"form_fields[field_2505e38]\" id=\"form-field-field_2505e38\" class=\"elementor-field elementor-size-sm  elementor-field-textual\" placeholder=\"Name\">\n\t\t\t\t\t\t\t\t\t\t\t<\/div>\n\t\t\t\t\t\t\t\t<div class=\"elementor-field-type-text elementor-field-group elementor-column elementor-field-group-email elementor-col-33 elementor-sm-50\">\n\t\t\t\t\t\t\t\t\t\t\t\t<label for=\"form-field-email\" class=\"elementor-field-label\">\n\t\t\t\t\t\t\t\tIhre Telefonnummer\t\t\t\t\t\t\t<\/label>\n\t\t\t\t\t\t\t\t\t\t\t\t\t\t<input size=\"1\" type=\"text\" name=\"form_fields[email]\" id=\"form-field-email\" class=\"elementor-field elementor-size-sm  elementor-field-textual\" placeholder=\"wie k\u00f6nnen wir Sie erreichen?\">\n\t\t\t\t\t\t\t\t\t\t\t<\/div>\n\t\t\t\t\t\t\t\t<div class=\"elementor-field-type-text elementor-field-group elementor-column elementor-field-group-field_53ebf79 elementor-col-33 elementor-sm-50\">\n\t\t\t\t\t\t\t\t\t\t\t\t<label for=\"form-field-field_53ebf79\" class=\"elementor-field-label\">\n\t\t\t\t\t\t\t\tStra\u00dfe, Nr.\t\t\t\t\t\t\t<\/label>\n\t\t\t\t\t\t\t\t\t\t\t\t\t\t<input size=\"1\" type=\"text\" name=\"form_fields[field_53ebf79]\" id=\"form-field-field_53ebf79\" class=\"elementor-field elementor-size-sm  elementor-field-textual\">\n\t\t\t\t\t\t\t\t\t\t\t<\/div>\n\t\t\t\t\t\t\t\t<div class=\"elementor-field-type-text elementor-field-group elementor-column elementor-field-group-field_0e2beb0 elementor-col-33 elementor-sm-50\">\n\t\t\t\t\t\t\t\t\t\t\t\t<label for=\"form-field-field_0e2beb0\" class=\"elementor-field-label\">\n\t\t\t\t\t\t\t\tPLZ Ort\t\t\t\t\t\t\t<\/label>\n\t\t\t\t\t\t\t\t\t\t\t\t\t\t<input size=\"1\" type=\"text\" name=\"form_fields[field_0e2beb0]\" id=\"form-field-field_0e2beb0\" class=\"elementor-field elementor-size-sm  elementor-field-textual\">\n\t\t\t\t\t\t\t\t\t\t\t<\/div>\n\t\t\t\t\t\t\t\t<div class=\"elementor-field-type-email elementor-field-group elementor-column elementor-field-group-field_b649876 elementor-col-33 elementor-sm-50 elementor-field-required elementor-mark-required\">\n\t\t\t\t\t\t\t\t\t\t\t\t<label for=\"form-field-field_b649876\" class=\"elementor-field-label\">\n\t\t\t\t\t\t\t\tE-Mail\t\t\t\t\t\t\t<\/label>\n\t\t\t\t\t\t\t\t\t\t\t\t\t\t<input size=\"1\" type=\"email\" name=\"form_fields[field_b649876]\" id=\"form-field-field_b649876\" class=\"elementor-field elementor-size-sm  elementor-field-textual\" placeholder=\"E-Mail\" required=\"required\">\n\t\t\t\t\t\t\t\t\t\t\t<\/div>\n\t\t\t\t\t\t\t\t<div class=\"elementor-field-type-textarea elementor-field-group elementor-column elementor-field-group-field_a7478c9 elementor-col-66 elementor-sm-50\">\n\t\t\t\t\t\t\t\t\t\t\t\t<label for=\"form-field-field_a7478c9\" class=\"elementor-field-label\">\n\t\t\t\t\t\t\t\tBerufsabschluss\t\t\t\t\t\t\t<\/label>\n\t\t\t\t\t\t<textarea class=\"elementor-field-textual elementor-field  elementor-size-sm\" name=\"form_fields[field_a7478c9]\" id=\"form-field-field_a7478c9\" rows=\"1\" placeholder=\"Welchen Beruf haben Sie (z. B. OP-Fachkraft, etc.)?\"><\/textarea>\t\t\t\t<\/div>\n\t\t\t\t\t\t\t\t<div class=\"elementor-field-type-select elementor-field-group elementor-column elementor-field-group-field_f157d58 elementor-col-33 elementor-sm-50\">\n\t\t\t\t\t\t\t\t\t\t\t\t<label for=\"form-field-field_f157d58\" class=\"elementor-field-label\">\n\t\t\t\t\t\t\t\tBerufserfahrung\t\t\t\t\t\t\t<\/label>\n\t\t\t\t\t\t\t\t<div class=\"elementor-field elementor-select-wrapper remove-before \">\n\t\t\t<div class=\"select-caret-down-wrapper\">\n\t\t\t\t<svg aria-hidden=\"true\" class=\"e-font-icon-svg e-eicon-caret-down\" viewBox=\"0 0 571.4 571.4\" xmlns=\"http:\/\/www.w3.org\/2000\/svg\"><path d=\"M571 393Q571 407 561 418L311 668Q300 679 286 679T261 668L11 418Q0 407 0 393T11 368 36 357H536Q550 357 561 368T571 393Z\"><\/path><\/svg>\t\t\t<\/div>\n\t\t\t<select name=\"form_fields[field_f157d58]\" id=\"form-field-field_f157d58\" class=\"elementor-field-textual elementor-size-sm\">\n\t\t\t\t\t\t\t\t\t<option value=\"\"><\/option>\n\t\t\t\t\t\t\t\t\t<option value=\"1 Jahr\">1 Jahr<\/option>\n\t\t\t\t\t\t\t\t\t<option value=\"2 bis 3 Jahre\">2 bis 3 Jahre<\/option>\n\t\t\t\t\t\t\t\t\t<option value=\"4 bis 5 Jahre\">4 bis 5 Jahre<\/option>\n\t\t\t\t\t\t\t\t\t<option value=\"\u00fcber 5 Jahre\">\u00fcber 5 Jahre<\/option>\n\t\t\t\t\t\t\t\t\t<option value=\"\u00fcber 10 Jahre\">\u00fcber 10 Jahre<\/option>\n\t\t\t\t\t\t\t<\/select>\n\t\t<\/div>\n\t\t\t\t\t\t<\/div>\n\t\t\t\t\t\t\t\t<div class=\"elementor-field-type-textarea elementor-field-group elementor-column elementor-field-group-message elementor-col-100\">\n\t\t\t\t\t\t\t\t\t\t\t\t<label for=\"form-field-message\" class=\"elementor-field-label\">\n\t\t\t\t\t\t\t\tNachricht\t\t\t\t\t\t\t<\/label>\n\t\t\t\t\t\t<textarea class=\"elementor-field-textual elementor-field  elementor-size-sm\" name=\"form_fields[message]\" id=\"form-field-message\" rows=\"4\" placeholder=\"z. B. warum interessieren Sie sich f\u00fcr unser Stellenangebot?\"><\/textarea>\t\t\t\t<\/div>\n\t\t\t\t\t\t\t\t<div class=\"elementor-field-type-acceptance elementor-field-group elementor-column elementor-field-group-field_496cc0b elementor-col-50 elementor-field-required elementor-mark-required\">\n\t\t\t\t\t\t\t\t\t\t\t\t<label for=\"form-field-field_496cc0b\" class=\"elementor-field-label\">\n\t\t\t\t\t\t\t\tDatenschutz:\t\t\t\t\t\t\t<\/label>\n\t\t\t\t\t\t\t\t<div class=\"elementor-field-subgroup\">\n\t\t\t<span class=\"elementor-field-option\">\n\t\t\t\t<input type=\"checkbox\" name=\"form_fields[field_496cc0b]\" id=\"form-field-field_496cc0b\" class=\"elementor-field elementor-size-sm  elementor-acceptance-field\" required=\"required\">\n\t\t\t\t<label for=\"form-field-field_496cc0b\">Ich habe die <a href=\"https:\/\/noahklinik.de\/ueber-uns\/datenschutz\/\">Datenschutzerkl\u00e4rung<\/a> gelesen und den Inhalt akzeptiert<\/label>\t\t\t<\/span>\n\t\t<\/div>\n\t\t\t\t\t\t<\/div>\n\t\t\t\t\t\t\t\t<div class=\"elementor-field-type-upload elementor-field-group elementor-column elementor-field-group-field_42a85a4 elementor-col-50\">\n\t\t\t\t\t\t\t\t\t\t\t\t<label for=\"form-field-field_42a85a4\" class=\"elementor-field-label\">\n\t\t\t\t\t\t\t\tWollen Sie eine Datei mitsenden?\t\t\t\t\t\t\t<\/label>\n\t\t\t\t\t\t\t\t<input type=\"file\" name=\"form_fields[field_42a85a4][]\" id=\"form-field-field_42a85a4\" class=\"elementor-field elementor-size-sm  elementor-upload-field\" multiple=\"multiple\">\n\n\t\t\t\t\t\t<\/div>\n\t\t\t\t\t\t\t\t<div class=\"elementor-field-type-recaptcha_v3 elementor-field-group elementor-column elementor-field-group-field_354d4b6 elementor-col-100 recaptcha_v3-inline\">\n\t\t\t\t\t<div class=\"elementor-field\" id=\"form-field-field_354d4b6\"><div class=\"elementor-g-recaptcha\" data-sitekey=\"6LfuLuAgAAAAAKDoh6DgOPhV95YrIyIfa7D6-rjq\" data-type=\"v3\" data-action=\"Form\" data-badge=\"inline\" data-size=\"invisible\"><\/div><\/div>\t\t\t\t<\/div>\n\t\t\t\t\t\t\t\t<div class=\"elementor-field-group elementor-column elementor-field-type-submit elementor-col-100 e-form__buttons\">\n\t\t\t\t\t<button class=\"elementor-button elementor-size-sm\" type=\"submit\">\n\t\t\t\t\t\t<span class=\"elementor-button-content-wrapper\">\n\t\t\t\t\t\t\t\t\t\t\t\t\t\t\t<span class=\"elementor-button-icon\">\n\t\t\t\t\t\t\t\t\t<svg aria-hidden=\"true\" class=\"e-font-icon-svg e-far-arrow-alt-circle-right\" viewBox=\"0 0 512 512\" xmlns=\"http:\/\/www.w3.org\/2000\/svg\"><path d=\"M504 256C504 119 393 8 256 8S8 119 8 256s111 248 248 248 248-111 248-248zm-448 0c0-110.5 89.5-200 200-200s200 89.5 200 200-89.5 200-200 200S56 366.5 56 256zm72 20v-40c0-6.6 5.4-12 12-12h116v-67c0-10.7 12.9-16 20.5-8.5l99 99c4.7 4.7 4.7 12.3 0 17l-99 99c-7.6 7.6-20.5 2.2-20.5-8.5v-67H140c-6.6 0-12-5.4-12-12z\"><\/path><\/svg>\t\t\t\t\t\t\t\t\t\t\t\t\t\t\t\t\t<\/span>\n\t\t\t\t\t\t\t\t\t\t\t\t\t\t\t\t\t\t\t\t\t\t<span class=\"elementor-button-text\">Senden<\/span>\n\t\t\t\t\t\t\t\t\t\t\t\t\t<\/span>\n\t\t\t\t\t<\/button>\n\t\t\t\t<\/div>\n\t\t\t<\/div>\n\t\t<\/form>\n\t\t\t\t\t\t<\/div>\n\t\t\t\t<div class=\"elementor-element elementor-element-55ef76b elementor-widget elementor-widget-text-editor\" data-id=\"55ef76b\" data-element_type=\"widget\" data-e-type=\"widget\" data-widget_type=\"text-editor.default\">\n\t\t\t\t\t\t\t\t\t<p style=\"text-align: center;\">Als Anlagen erlaubt: PDF, JPEG, MPEG, MOV, Word-Dateien<\/p>\t\t\t\t\t\t\t\t<\/div>\n\t\t\t\t\t<\/div>\n\t\t<\/div>\n\t\t\t\t\t<\/div>\n\t\t<\/section>\n\t\t\t\t<\/div>\n\t\t","protected":false},"excerpt":{"rendered":"<p>KARRIERESTELLENANGEBOTE Noahklinik Kassel Verst\u00e4rken Sie unser Team! Wir suchen ab sofort: Mitarbeiter\/-IN (MFA\/OTA\/OP-Fachkraft) f\u00fcr unseren OP-Bereich und die Sterilisation in Voll- oder Teilzeit(w\/m\/d) Schnellbewerbung Als Anlagen erlaubt: PDF, JPEG, MPEG, MOV, Word-Dateien<\/p>","protected":false},"author":6,"featured_media":14695,"parent":5801,"menu_order":0,"comment_status":"closed","ping_status":"closed","template":"","meta":{"footnotes":""},"class_list":["post-14694","page","type-page","status-publish","has-post-thumbnail","hentry"],"_links":{"self":[{"href":"https:\/\/noahklinik.de\/en\/wp-json\/wp\/v2\/pages\/14694","targetHints":{"allow":["GET"]}}],"collection":[{"href":"https:\/\/noahklinik.de\/en\/wp-json\/wp\/v2\/pages"}],"about":[{"href":"https:\/\/noahklinik.de\/en\/wp-json\/wp\/v2\/types\/page"}],"author":[{"embeddable":true,"href":"https:\/\/noahklinik.de\/en\/wp-json\/wp\/v2\/users\/6"}],"replies":[{"embeddable":true,"href":"https:\/\/noahklinik.de\/en\/wp-json\/wp\/v2\/comments?post=14694"}],"version-history":[{"count":16,"href":"https:\/\/noahklinik.de\/en\/wp-json\/wp\/v2\/pages\/14694\/revisions"}],"predecessor-version":[{"id":20357,"href":"https:\/\/noahklinik.de\/en\/wp-json\/wp\/v2\/pages\/14694\/revisions\/20357"}],"up":[{"embeddable":true,"href":"https:\/\/noahklinik.de\/en\/wp-json\/wp\/v2\/pages\/5801"}],"wp:featuredmedia":[{"embeddable":true,"href":"https:\/\/noahklinik.de\/en\/wp-json\/wp\/v2\/media\/14695"}],"wp:attachment":[{"href":"https:\/\/noahklinik.de\/en\/wp-json\/wp\/v2\/media?parent=14694"}],"curies":[{"name":"wp","href":"https:\/\/api.w.org\/{rel}","templated":true}]}}