{"id":1396,"date":"2016-06-15T15:12:18","date_gmt":"2016-06-15T13:12:18","guid":{"rendered":"http:\/\/noah.eve-com.de\/?page_id=1396"},"modified":"2025-10-14T10:29:15","modified_gmt":"2025-10-14T08:29:15","slug":"imprint-2","status":"publish","type":"page","link":"https:\/\/noahklinik.de\/en\/ueber-uns\/impressum-2\/","title":{"rendered":"Legal notice"},"content":{"rendered":"<div data-elementor-type=\"wp-page\" data-elementor-id=\"1396\" class=\"elementor elementor-1396\" data-elementor-post-type=\"page\">\n\t\t\t\t\t\t<section class=\"elementor-section elementor-top-section elementor-element elementor-element-8cc1de5 elementor-section-boxed elementor-section-height-default elementor-section-height-default\" data-id=\"8cc1de5\" data-element_type=\"section\" data-e-type=\"section\">\n\t\t\t\t\t\t<div class=\"elementor-container elementor-column-gap-default\">\n\t\t\t\t\t<div class=\"elementor-column elementor-col-100 elementor-top-column elementor-element elementor-element-a591d95\" data-id=\"a591d95\" data-element_type=\"column\" data-e-type=\"column\">\n\t\t\t<div class=\"elementor-widget-wrap elementor-element-populated\">\n\t\t\t\t\t\t<div class=\"elementor-element elementor-element-7901805 elementor-widget elementor-widget-heading\" data-id=\"7901805\" data-element_type=\"widget\" data-e-type=\"widget\" data-widget_type=\"heading.default\">\n\t\t\t\t\t<h1 class=\"elementor-heading-title elementor-size-default\">Imprint noahklinik.de<\/h1>\t\t\t\t<\/div>\n\t\t\t\t<div class=\"elementor-element elementor-element-ca1c985 elementor-widget elementor-widget-text-editor\" data-id=\"ca1c985\" data-element_type=\"widget\" data-e-type=\"widget\" data-widget_type=\"text-editor.default\">\n\t\t\t\t\t\t\t\t\t<p>Noah Clinic GmbH<br \/>Kurf\u00fcrstenstra\u00dfe 10-12<br \/>34117 Kassel<br \/>Germany<\/p><p>Tel.: +49 561 81 04 94 0<br \/>Fax: +49 561 81 04 94 9<br \/>E-mail: info@noahklinik.de<\/p><p>Register court: Kassel<br \/>Register number: HRB 18412<\/p><p>Managing Director: Prof. Dr EM Noah<\/p><p>Sales tax identification number according to \u00a7 27 a Sales Tax Act: DE334487868<\/p><p>We are neither obliged nor willing to participate in dispute resolution proceedings before a consumer arbitration board.<\/p><p>Responsible person in the sense of \u00a7 18 para. 2 MStV:<br \/>Prof. Dr EM Noah, Kurf\u00fcrstenstrasse 10-12, 34117 Kassel<\/p><p>Competent chamber:<br \/>State Medical Association of Hesse<br \/>Hanauer Landstrasse 152<br \/>60314 Frankfurt<\/p><p>Professional Code of Conduct of the State Medical Association:<br \/><a href=\"https:\/\/www.laekh.de\/\" target=\"_blank\" rel=\"noopener\">www.laekh.de<\/a><br \/>Job title: Doctor of Plastic Surgery<br \/>Awarded in: Germany<\/p><p><strong>Copyright:<\/strong><\/p><p>The information provided on this site has been carefully checked and is regularly updated. All rights reserved. The content provided here is for personal information only. Any copying or publication is prohibited. Kassel in August 2025.<\/p><p><strong>Technical website support and optimisation:<\/strong><\/p><p>WM Online Marketing<br \/>Walter Maar<br \/>Am Holzacker 47<br \/>91126 Schwabach<br \/><a href=\"https:\/\/www.wm-onlinemarketing.de\/\" target=\"_blank\" rel=\"noopener\">www.wm-onlinemarketing.de<\/a><\/p>\t\t\t\t\t\t\t\t<\/div>\n\t\t\t\t\t<\/div>\n\t\t<\/div>\n\t\t\t\t\t<\/div>\n\t\t<\/section>\n\t\t\t\t<\/div>","protected":false},"excerpt":{"rendered":"<p>Impressum noahklinik.de Noahklinik GmbH Kurf\u00fcrstenstra\u00dfe 10-12 34117 Kassel Deutschland Tel.: +49 561 81 04 94 0 Fax: +49 561 81 04 94 9 E-Mail: info@noahklinik.de Registergericht: Kassel Registernummer: HRB 18412 Gesch\u00e4ftsf\u00fchrer: Prof. Dr. EM Noah Umsatzsteuer-Identifikationsnummer gem\u00e4\u00df \u00a7 27 a Umsatzsteuergesetz: DE334487868 Wir sind zur Teilnahme an einem Streitbeilegungsverfahren vor einer Verbraucherschlichtungsstelle weder verpflichtet noch [&hellip;]<\/p>\n","protected":false},"author":5,"featured_media":2105,"parent":5801,"menu_order":0,"comment_status":"closed","ping_status":"closed","template":"","meta":{"footnotes":""},"class_list":["post-1396","page","type-page","status-publish","has-post-thumbnail","hentry"],"_links":{"self":[{"href":"https:\/\/noahklinik.de\/en\/wp-json\/wp\/v2\/pages\/1396","targetHints":{"allow":["GET"]}}],"collection":[{"href":"https:\/\/noahklinik.de\/en\/wp-json\/wp\/v2\/pages"}],"about":[{"href":"https:\/\/noahklinik.de\/en\/wp-json\/wp\/v2\/types\/page"}],"author":[{"embeddable":true,"href":"https:\/\/noahklinik.de\/en\/wp-json\/wp\/v2\/users\/5"}],"replies":[{"embeddable":true,"href":"https:\/\/noahklinik.de\/en\/wp-json\/wp\/v2\/comments?post=1396"}],"version-history":[{"count":0,"href":"https:\/\/noahklinik.de\/en\/wp-json\/wp\/v2\/pages\/1396\/revisions"}],"up":[{"embeddable":true,"href":"https:\/\/noahklinik.de\/en\/wp-json\/wp\/v2\/pages\/5801"}],"wp:featuredmedia":[{"embeddable":true,"href":"https:\/\/noahklinik.de\/en\/wp-json\/wp\/v2\/media\/2105"}],"wp:attachment":[{"href":"https:\/\/noahklinik.de\/en\/wp-json\/wp\/v2\/media?parent=1396"}],"curies":[{"name":"wp","href":"https:\/\/api.w.org\/{rel}","templated":true}]}}